{"id":9621,"date":"2025-03-03T18:39:21","date_gmt":"2025-03-03T18:39:21","guid":{"rendered":"https:\/\/academia02.overgenius.com\/?post_type=product&#038;p=9621"},"modified":"2026-01-26T01:28:44","modified_gmt":"2026-01-26T01:28:44","slug":"markethink-aguilas","status":"publish","type":"product","link":"https:\/\/academia02.overgenius.com\/en\/product\/markethink-aguilas\/","title":{"rendered":"MARKETHINK \u00c1GUILAS"},"content":{"rendered":"<h1 data-start=\"108\" data-end=\"166\"><strong data-start=\"110\" data-end=\"164\">\ud83e\udd85 M\u00f3dulo \u00c1GUILAS \u2013 Ventas Online y Financiamiento<\/strong><\/h1>\n<p data-start=\"168\" data-end=\"524\">El <strong data-start=\"171\" data-end=\"189\">M\u00f3dulo \u00c1GUILAS<\/strong> de <strong data-start=\"193\" data-end=\"221\">MARKETHINK BY OVERGENIUS<\/strong> est\u00e1 dise\u00f1ado para emprendedores y empresas que buscan <strong data-start=\"277\" data-end=\"346\">dominar las ventas en l\u00ednea y acceder a fuentes de financiamiento<\/strong> para escalar su negocio. Aprender\u00e1s a utilizar herramientas digitales para aumentar tus conversiones y a desarrollar estrategias para obtener el capital necesario para crecer.<\/p>","protected":false},"excerpt":{"rendered":"<p>Aprende temas como:<\/p>\n<p>\u2714 <strong data-start=\"815\" data-end=\"852\">Publicidad digital y remarketing:<\/strong> T\u00e9cnicas para atraer y fidelizar clientes con anuncios efectivos.<br data-start=\"918\" data-end=\"921\" \/>\u2714 <strong data-start=\"923\" data-end=\"953\">Fuentes de financiamiento:<\/strong> Opciones de inversi\u00f3n, crowdfunding, cr\u00e9ditos y capital de riesgo.<br data-start=\"1020\" data-end=\"1023\" \/>\u2714 <strong data-start=\"1025\" data-end=\"1069\">Plan financiero para negocios digitales:<\/strong> C\u00f3mo estructurar y gestionar tu capital de manera estrat\u00e9gica.<\/p>","protected":false},"featured_media":9613,"comment_status":"open","ping_status":"closed","template":"","meta":{"pmpro_default_level":""},"product_brand":[],"product_cat":[95,106,107],"product_tag":[],"class_list":{"0":"post-9621","1":"product","2":"type-product","3":"status-publish","4":"has-post-thumbnail","6":"product_cat-educacion","7":"product_cat-emprendimiento","8":"product_cat-individual","9":"pmpro-has-access","11":"first","12":"instock","13":"virtual","14":"sold-individually","15":"purchasable","16":"product-type-simple"},"yoast_head":"<!-- This site is optimized with the Yoast SEO plugin v26.8 - https:\/\/yoast.com\/product\/yoast-seo-wordpress\/ -->\n<title>MARKETHINK \u00c1GUILAS - ACADEMIA OVERGENIUS<\/title>\n<meta name=\"description\" content=\"En \u00c1GUILAS aprender\u00e1s a utilizar herramientas digitales para aumentar tus conversiones y estrategias para obtener el capital necesario para crecer.\" \/>\n<meta name=\"robots\" content=\"index, follow, max-snippet:-1, max-image-preview:large, max-video-preview:-1\" \/>\n<link rel=\"canonical\" href=\"https:\/\/academia02.overgenius.com\/en\/product\/markethink-aguilas\/\" \/>\n<meta property=\"og:locale\" content=\"en_US\" \/>\n<meta property=\"og:type\" content=\"article\" \/>\n<meta property=\"og:title\" content=\"MARKETHINK \u00c1GUILAS - ACADEMIA OVERGENIUS\" \/>\n<meta property=\"og:description\" content=\"En \u00c1GUILAS aprender\u00e1s a utilizar herramientas digitales para aumentar tus conversiones y estrategias para obtener el capital necesario para crecer.\" \/>\n<meta property=\"og:url\" content=\"https:\/\/academia02.overgenius.com\/en\/product\/markethink-aguilas\/\" \/>\n<meta property=\"og:site_name\" content=\"ACADEMIA OVERGENIUS\" \/>\n<meta property=\"article:modified_time\" content=\"2026-01-26T01:28:44+00:00\" \/>\n<meta property=\"og:image\" content=\"https:\/\/academia02.overgenius.com\/wp-content\/uploads\/2024\/02\/AGUILAS-ESPANOL.png\" \/>\n\t<meta property=\"og:image:width\" content=\"800\" \/>\n\t<meta property=\"og:image:height\" content=\"800\" \/>\n\t<meta property=\"og:image:type\" content=\"image\/png\" \/>\n<meta name=\"twitter:card\" content=\"summary_large_image\" \/>\n<meta name=\"twitter:label1\" content=\"Est. reading time\" \/>\n\t<meta name=\"twitter:data1\" content=\"1 minute\" \/>\n<script type=\"application\/ld+json\" class=\"yoast-schema-graph\">{\"@context\":\"https:\/\/schema.org\",\"@graph\":[{\"@type\":\"WebPage\",\"@id\":\"https:\/\/academia02.overgenius.com\/producto\/markethink-aguilas\/\",\"url\":\"https:\/\/academia02.overgenius.com\/producto\/markethink-aguilas\/\",\"name\":\"MARKETHINK \u00c1GUILAS - ACADEMIA OVERGENIUS\",\"isPartOf\":{\"@id\":\"https:\/\/academia02.overgenius.com\/en\/#website\"},\"primaryImageOfPage\":{\"@id\":\"https:\/\/academia02.overgenius.com\/producto\/markethink-aguilas\/#primaryimage\"},\"image\":{\"@id\":\"https:\/\/academia02.overgenius.com\/producto\/markethink-aguilas\/#primaryimage\"},\"thumbnailUrl\":\"https:\/\/academia02.overgenius.com\/wp-content\/uploads\/2024\/02\/AGUILAS-ESPANOL.png\",\"datePublished\":\"2025-03-03T18:39:21+00:00\",\"dateModified\":\"2026-01-26T01:28:44+00:00\",\"description\":\"En \u00c1GUILAS aprender\u00e1s a utilizar herramientas digitales para aumentar tus conversiones y estrategias para obtener el capital necesario para crecer.\",\"breadcrumb\":{\"@id\":\"https:\/\/academia02.overgenius.com\/producto\/markethink-aguilas\/#breadcrumb\"},\"inLanguage\":\"en-US\",\"potentialAction\":[{\"@type\":\"ReadAction\",\"target\":[\"https:\/\/academia02.overgenius.com\/producto\/markethink-aguilas\/\"]}]},{\"@type\":\"ImageObject\",\"inLanguage\":\"en-US\",\"@id\":\"https:\/\/academia02.overgenius.com\/producto\/markethink-aguilas\/#primaryimage\",\"url\":\"https:\/\/academia02.overgenius.com\/wp-content\/uploads\/2024\/02\/AGUILAS-ESPANOL.png\",\"contentUrl\":\"https:\/\/academia02.overgenius.com\/wp-content\/uploads\/2024\/02\/AGUILAS-ESPANOL.png\",\"width\":800,\"height\":800},{\"@type\":\"BreadcrumbList\",\"@id\":\"https:\/\/academia02.overgenius.com\/producto\/markethink-aguilas\/#breadcrumb\",\"itemListElement\":[{\"@type\":\"ListItem\",\"position\":1,\"name\":\"Portada\",\"item\":\"https:\/\/academia02.overgenius.com\/\"},{\"@type\":\"ListItem\",\"position\":2,\"name\":\"Tienda\",\"item\":\"https:\/\/academia02.overgenius.com\/en\/tienda\/\"},{\"@type\":\"ListItem\",\"position\":3,\"name\":\"MARKETHINK \u00c1GUILAS\"}]},{\"@type\":\"WebSite\",\"@id\":\"https:\/\/academia02.overgenius.com\/en\/#website\",\"url\":\"https:\/\/academia02.overgenius.com\/en\/\",\"name\":\"OVERGENIUS\",\"description\":\"Educaci\u00f3n a distancia\",\"publisher\":{\"@id\":\"https:\/\/academia02.overgenius.com\/en\/#organization\"},\"potentialAction\":[{\"@type\":\"SearchAction\",\"target\":{\"@type\":\"EntryPoint\",\"urlTemplate\":\"https:\/\/academia02.overgenius.com\/en\/?s={search_term_string}\"},\"query-input\":{\"@type\":\"PropertyValueSpecification\",\"valueRequired\":true,\"valueName\":\"search_term_string\"}}],\"inLanguage\":\"en-US\"},{\"@type\":\"Organization\",\"@id\":\"https:\/\/academia02.overgenius.com\/en\/#organization\",\"name\":\"OVERGENIUS\",\"url\":\"https:\/\/academia02.overgenius.com\/en\/\",\"logo\":{\"@type\":\"ImageObject\",\"inLanguage\":\"en-US\",\"@id\":\"https:\/\/academia02.overgenius.com\/en\/#\/schema\/logo\/image\/\",\"url\":\"https:\/\/academia02.overgenius.com\/wp-content\/uploads\/2023\/10\/logotipo-overgeniusblanco7-03.png\",\"contentUrl\":\"https:\/\/academia02.overgenius.com\/wp-content\/uploads\/2023\/10\/logotipo-overgeniusblanco7-03.png\",\"width\":2480,\"height\":876,\"caption\":\"OVERGENIUS\"},\"image\":{\"@id\":\"https:\/\/academia02.overgenius.com\/en\/#\/schema\/logo\/image\/\"}}]}<\/script>\n<!-- \/ Yoast SEO plugin. -->","yoast_head_json":{"title":"MARKETHINK \u00c1GUILAS - ACADEMIA OVERGENIUS","description":"En \u00c1GUILAS aprender\u00e1s a utilizar herramientas digitales para aumentar tus conversiones y estrategias para obtener el capital necesario para crecer.","robots":{"index":"index","follow":"follow","max-snippet":"max-snippet:-1","max-image-preview":"max-image-preview:large","max-video-preview":"max-video-preview:-1"},"canonical":"https:\/\/academia02.overgenius.com\/en\/product\/markethink-aguilas\/","og_locale":"en_US","og_type":"article","og_title":"MARKETHINK \u00c1GUILAS - ACADEMIA OVERGENIUS","og_description":"En \u00c1GUILAS aprender\u00e1s a utilizar herramientas digitales para aumentar tus conversiones y estrategias para obtener el capital necesario para crecer.","og_url":"https:\/\/academia02.overgenius.com\/en\/product\/markethink-aguilas\/","og_site_name":"ACADEMIA OVERGENIUS","article_modified_time":"2026-01-26T01:28:44+00:00","og_image":[{"width":800,"height":800,"url":"https:\/\/academia02.overgenius.com\/wp-content\/uploads\/2024\/02\/AGUILAS-ESPANOL.png","type":"image\/png"}],"twitter_card":"summary_large_image","twitter_misc":{"Est. reading time":"1 minute"},"schema":{"@context":"https:\/\/schema.org","@graph":[{"@type":"WebPage","@id":"https:\/\/academia02.overgenius.com\/producto\/markethink-aguilas\/","url":"https:\/\/academia02.overgenius.com\/producto\/markethink-aguilas\/","name":"MARKETHINK \u00c1GUILAS - ACADEMIA OVERGENIUS","isPartOf":{"@id":"https:\/\/academia02.overgenius.com\/en\/#website"},"primaryImageOfPage":{"@id":"https:\/\/academia02.overgenius.com\/producto\/markethink-aguilas\/#primaryimage"},"image":{"@id":"https:\/\/academia02.overgenius.com\/producto\/markethink-aguilas\/#primaryimage"},"thumbnailUrl":"https:\/\/academia02.overgenius.com\/wp-content\/uploads\/2024\/02\/AGUILAS-ESPANOL.png","datePublished":"2025-03-03T18:39:21+00:00","dateModified":"2026-01-26T01:28:44+00:00","description":"En \u00c1GUILAS aprender\u00e1s a utilizar herramientas digitales para aumentar tus conversiones y estrategias para obtener el capital necesario para crecer.","breadcrumb":{"@id":"https:\/\/academia02.overgenius.com\/producto\/markethink-aguilas\/#breadcrumb"},"inLanguage":"en-US","potentialAction":[{"@type":"ReadAction","target":["https:\/\/academia02.overgenius.com\/producto\/markethink-aguilas\/"]}]},{"@type":"ImageObject","inLanguage":"en-US","@id":"https:\/\/academia02.overgenius.com\/producto\/markethink-aguilas\/#primaryimage","url":"https:\/\/academia02.overgenius.com\/wp-content\/uploads\/2024\/02\/AGUILAS-ESPANOL.png","contentUrl":"https:\/\/academia02.overgenius.com\/wp-content\/uploads\/2024\/02\/AGUILAS-ESPANOL.png","width":800,"height":800},{"@type":"BreadcrumbList","@id":"https:\/\/academia02.overgenius.com\/producto\/markethink-aguilas\/#breadcrumb","itemListElement":[{"@type":"ListItem","position":1,"name":"Portada","item":"https:\/\/academia02.overgenius.com\/"},{"@type":"ListItem","position":2,"name":"Tienda","item":"https:\/\/academia02.overgenius.com\/en\/tienda\/"},{"@type":"ListItem","position":3,"name":"MARKETHINK \u00c1GUILAS"}]},{"@type":"WebSite","@id":"https:\/\/academia02.overgenius.com\/en\/#website","url":"https:\/\/academia02.overgenius.com\/en\/","name":"OVERGENIUS","description":"Educaci\u00f3n a distancia","publisher":{"@id":"https:\/\/academia02.overgenius.com\/en\/#organization"},"potentialAction":[{"@type":"SearchAction","target":{"@type":"EntryPoint","urlTemplate":"https:\/\/academia02.overgenius.com\/en\/?s={search_term_string}"},"query-input":{"@type":"PropertyValueSpecification","valueRequired":true,"valueName":"search_term_string"}}],"inLanguage":"en-US"},{"@type":"Organization","@id":"https:\/\/academia02.overgenius.com\/en\/#organization","name":"OVERGENIUS","url":"https:\/\/academia02.overgenius.com\/en\/","logo":{"@type":"ImageObject","inLanguage":"en-US","@id":"https:\/\/academia02.overgenius.com\/en\/#\/schema\/logo\/image\/","url":"https:\/\/academia02.overgenius.com\/wp-content\/uploads\/2023\/10\/logotipo-overgeniusblanco7-03.png","contentUrl":"https:\/\/academia02.overgenius.com\/wp-content\/uploads\/2023\/10\/logotipo-overgeniusblanco7-03.png","width":2480,"height":876,"caption":"OVERGENIUS"},"image":{"@id":"https:\/\/academia02.overgenius.com\/en\/#\/schema\/logo\/image\/"}}]}},"_links":{"self":[{"href":"https:\/\/academia02.overgenius.com\/en\/wp-json\/wp\/v2\/product\/9621","targetHints":{"allow":["GET"]}}],"collection":[{"href":"https:\/\/academia02.overgenius.com\/en\/wp-json\/wp\/v2\/product"}],"about":[{"href":"https:\/\/academia02.overgenius.com\/en\/wp-json\/wp\/v2\/types\/product"}],"replies":[{"embeddable":true,"href":"https:\/\/academia02.overgenius.com\/en\/wp-json\/wp\/v2\/comments?post=9621"}],"wp:featuredmedia":[{"embeddable":true,"href":"https:\/\/academia02.overgenius.com\/en\/wp-json\/wp\/v2\/media\/9613"}],"wp:attachment":[{"href":"https:\/\/academia02.overgenius.com\/en\/wp-json\/wp\/v2\/media?parent=9621"}],"wp:term":[{"taxonomy":"product_brand","embeddable":true,"href":"https:\/\/academia02.overgenius.com\/en\/wp-json\/wp\/v2\/product_brand?post=9621"},{"taxonomy":"product_cat","embeddable":true,"href":"https:\/\/academia02.overgenius.com\/en\/wp-json\/wp\/v2\/product_cat?post=9621"},{"taxonomy":"product_tag","embeddable":true,"href":"https:\/\/academia02.overgenius.com\/en\/wp-json\/wp\/v2\/product_tag?post=9621"}],"curies":[{"name":"wp","href":"https:\/\/api.w.org\/{rel}","templated":true}]}}