{"id":9620,"date":"2025-03-02T02:11:50","date_gmt":"2025-03-02T02:11:50","guid":{"rendered":"https:\/\/academia02.overgenius.com\/?post_type=product&#038;p=9620"},"modified":"2026-01-15T04:12:18","modified_gmt":"2026-01-15T04:12:18","slug":"markethink-tigres","status":"publish","type":"product","link":"https:\/\/academia02.overgenius.com\/en\/product\/markethink-tigres\/","title":{"rendered":"MARKETHINK TIGRES"},"content":{"rendered":"<h1 data-start=\"107\" data-end=\"169\"><strong data-start=\"109\" data-end=\"167\">\ud83d\udc2f M\u00f3dulo TIGRES \u2013 Recursos, Precios y Posicionamiento<\/strong><\/h1>\n<p data-start=\"171\" data-end=\"519\">El <strong data-start=\"174\" data-end=\"191\">M\u00f3dulo TIGRES<\/strong> de <strong data-start=\"195\" data-end=\"223\">MARKETHINK BY OVERGENIUS<\/strong> est\u00e1 dise\u00f1ado para quienes buscan <strong data-start=\"258\" data-end=\"390\">optimizar el uso de recursos, definir estrategias de precios efectivas y posicionar su marca en el mercado de manera competitiva<\/strong>. Aprender\u00e1s a gestionar costos, establecer precios rentables y crear una identidad s\u00f3lida que conecte con tu p\u00fablico objetivo.<\/p>","protected":false},"excerpt":{"rendered":"<p data-start=\"521\" data-end=\"569\">Aprende temas especializados de:<\/p>\n<p data-start=\"570\" data-end=\"1048\">\u2714 <strong data-start=\"572\" data-end=\"606\">Gesti\u00f3n eficiente de recursos:<\/strong> C\u00f3mo maximizar el rendimiento con lo que tienes.<br data-start=\"655\" data-end=\"658\" \/>\u2714 <strong data-start=\"660\" data-end=\"699\">Estrategias de fijaci\u00f3n de precios:<\/strong> M\u00e9todos para establecer precios competitivos y rentables.<br data-start=\"757\" data-end=\"760\" \/>\u2714 <strong data-start=\"762\" data-end=\"797\">Modelos de negocio sostenibles:<\/strong> Optimizaci\u00f3n de costos y maximizaci\u00f3n de beneficios.<br data-start=\"850\" data-end=\"853\" \/>\u2714 <strong data-start=\"855\" data-end=\"884\">Posicionamiento de marca:<\/strong> Claves para diferenciarte y destacar en el mercado.<br data-start=\"936\" data-end=\"939\" \/>\u2714 <strong data-start=\"941\" data-end=\"965\">Percepci\u00f3n de valor:<\/strong> C\u00f3mo aumentar la percepci\u00f3n de calidad y justificar tu precio ante los clientes.<\/p>","protected":false},"featured_media":9617,"comment_status":"open","ping_status":"closed","template":"","meta":{"pmpro_default_level":""},"product_brand":[],"product_cat":[95,106,107],"product_tag":[],"class_list":{"0":"post-9620","1":"product","2":"type-product","3":"status-publish","4":"has-post-thumbnail","6":"product_cat-educacion","7":"product_cat-emprendimiento","8":"product_cat-individual","9":"pmpro-has-access","11":"first","12":"instock","13":"virtual","14":"sold-individually","15":"purchasable","16":"product-type-simple"},"yoast_head":"<!-- This site is optimized with the Yoast SEO plugin v26.8 - https:\/\/yoast.com\/product\/yoast-seo-wordpress\/ -->\n<title>MARKETHINK TIGRES - ACADEMIA OVERGENIUS<\/title>\n<meta name=\"description\" content=\"En TIGRES aprender\u00e1s a gestionar costos, establecer precios rentables y crear una identidad s\u00f3lida que conecte con tu p\u00fablico objetivo.\" \/>\n<meta name=\"robots\" content=\"index, follow, max-snippet:-1, max-image-preview:large, max-video-preview:-1\" \/>\n<link rel=\"canonical\" href=\"https:\/\/academia02.overgenius.com\/en\/product\/markethink-tigres\/\" \/>\n<meta property=\"og:locale\" content=\"en_US\" \/>\n<meta property=\"og:type\" content=\"article\" \/>\n<meta property=\"og:title\" content=\"MARKETHINK TIGRES - ACADEMIA OVERGENIUS\" \/>\n<meta property=\"og:description\" content=\"En TIGRES aprender\u00e1s a gestionar costos, establecer precios rentables y crear una identidad s\u00f3lida que conecte con tu p\u00fablico objetivo.\" \/>\n<meta property=\"og:url\" content=\"https:\/\/academia02.overgenius.com\/en\/product\/markethink-tigres\/\" \/>\n<meta property=\"og:site_name\" content=\"ACADEMIA OVERGENIUS\" \/>\n<meta property=\"article:modified_time\" content=\"2026-01-15T04:12:18+00:00\" \/>\n<meta property=\"og:image\" content=\"https:\/\/academia02.overgenius.com\/wp-content\/uploads\/2024\/02\/TIGRES-ESPANOL.png\" \/>\n\t<meta property=\"og:image:width\" content=\"800\" \/>\n\t<meta property=\"og:image:height\" content=\"800\" \/>\n\t<meta property=\"og:image:type\" content=\"image\/png\" \/>\n<meta name=\"twitter:card\" content=\"summary_large_image\" \/>\n<meta name=\"twitter:label1\" content=\"Est. reading time\" \/>\n\t<meta name=\"twitter:data1\" content=\"1 minute\" \/>\n<script type=\"application\/ld+json\" class=\"yoast-schema-graph\">{\"@context\":\"https:\/\/schema.org\",\"@graph\":[{\"@type\":\"WebPage\",\"@id\":\"https:\/\/academia02.overgenius.com\/producto\/markethink-tigres\/\",\"url\":\"https:\/\/academia02.overgenius.com\/producto\/markethink-tigres\/\",\"name\":\"MARKETHINK TIGRES - ACADEMIA OVERGENIUS\",\"isPartOf\":{\"@id\":\"https:\/\/academia02.overgenius.com\/en\/#website\"},\"primaryImageOfPage\":{\"@id\":\"https:\/\/academia02.overgenius.com\/producto\/markethink-tigres\/#primaryimage\"},\"image\":{\"@id\":\"https:\/\/academia02.overgenius.com\/producto\/markethink-tigres\/#primaryimage\"},\"thumbnailUrl\":\"https:\/\/academia02.overgenius.com\/wp-content\/uploads\/2024\/02\/TIGRES-ESPANOL.png\",\"datePublished\":\"2025-03-02T02:11:50+00:00\",\"dateModified\":\"2026-01-15T04:12:18+00:00\",\"description\":\"En TIGRES aprender\u00e1s a gestionar costos, establecer precios rentables y crear una identidad s\u00f3lida que conecte con tu p\u00fablico objetivo.\",\"breadcrumb\":{\"@id\":\"https:\/\/academia02.overgenius.com\/producto\/markethink-tigres\/#breadcrumb\"},\"inLanguage\":\"en-US\",\"potentialAction\":[{\"@type\":\"ReadAction\",\"target\":[\"https:\/\/academia02.overgenius.com\/producto\/markethink-tigres\/\"]}]},{\"@type\":\"ImageObject\",\"inLanguage\":\"en-US\",\"@id\":\"https:\/\/academia02.overgenius.com\/producto\/markethink-tigres\/#primaryimage\",\"url\":\"https:\/\/academia02.overgenius.com\/wp-content\/uploads\/2024\/02\/TIGRES-ESPANOL.png\",\"contentUrl\":\"https:\/\/academia02.overgenius.com\/wp-content\/uploads\/2024\/02\/TIGRES-ESPANOL.png\",\"width\":800,\"height\":800},{\"@type\":\"BreadcrumbList\",\"@id\":\"https:\/\/academia02.overgenius.com\/producto\/markethink-tigres\/#breadcrumb\",\"itemListElement\":[{\"@type\":\"ListItem\",\"position\":1,\"name\":\"Portada\",\"item\":\"https:\/\/academia02.overgenius.com\/\"},{\"@type\":\"ListItem\",\"position\":2,\"name\":\"Tienda\",\"item\":\"https:\/\/academia02.overgenius.com\/en\/tienda\/\"},{\"@type\":\"ListItem\",\"position\":3,\"name\":\"MARKETHINK TIGRES\"}]},{\"@type\":\"WebSite\",\"@id\":\"https:\/\/academia02.overgenius.com\/en\/#website\",\"url\":\"https:\/\/academia02.overgenius.com\/en\/\",\"name\":\"OVERGENIUS\",\"description\":\"Educaci\u00f3n a distancia\",\"publisher\":{\"@id\":\"https:\/\/academia02.overgenius.com\/en\/#organization\"},\"potentialAction\":[{\"@type\":\"SearchAction\",\"target\":{\"@type\":\"EntryPoint\",\"urlTemplate\":\"https:\/\/academia02.overgenius.com\/en\/?s={search_term_string}\"},\"query-input\":{\"@type\":\"PropertyValueSpecification\",\"valueRequired\":true,\"valueName\":\"search_term_string\"}}],\"inLanguage\":\"en-US\"},{\"@type\":\"Organization\",\"@id\":\"https:\/\/academia02.overgenius.com\/en\/#organization\",\"name\":\"OVERGENIUS\",\"url\":\"https:\/\/academia02.overgenius.com\/en\/\",\"logo\":{\"@type\":\"ImageObject\",\"inLanguage\":\"en-US\",\"@id\":\"https:\/\/academia02.overgenius.com\/en\/#\/schema\/logo\/image\/\",\"url\":\"https:\/\/academia02.overgenius.com\/wp-content\/uploads\/2023\/10\/logotipo-overgeniusblanco7-03.png\",\"contentUrl\":\"https:\/\/academia02.overgenius.com\/wp-content\/uploads\/2023\/10\/logotipo-overgeniusblanco7-03.png\",\"width\":2480,\"height\":876,\"caption\":\"OVERGENIUS\"},\"image\":{\"@id\":\"https:\/\/academia02.overgenius.com\/en\/#\/schema\/logo\/image\/\"}}]}<\/script>\n<!-- \/ Yoast SEO plugin. -->","yoast_head_json":{"title":"MARKETHINK TIGRES - ACADEMIA OVERGENIUS","description":"En TIGRES aprender\u00e1s a gestionar costos, establecer precios rentables y crear una identidad s\u00f3lida que conecte con tu p\u00fablico objetivo.","robots":{"index":"index","follow":"follow","max-snippet":"max-snippet:-1","max-image-preview":"max-image-preview:large","max-video-preview":"max-video-preview:-1"},"canonical":"https:\/\/academia02.overgenius.com\/en\/product\/markethink-tigres\/","og_locale":"en_US","og_type":"article","og_title":"MARKETHINK TIGRES - ACADEMIA OVERGENIUS","og_description":"En TIGRES aprender\u00e1s a gestionar costos, establecer precios rentables y crear una identidad s\u00f3lida que conecte con tu p\u00fablico objetivo.","og_url":"https:\/\/academia02.overgenius.com\/en\/product\/markethink-tigres\/","og_site_name":"ACADEMIA OVERGENIUS","article_modified_time":"2026-01-15T04:12:18+00:00","og_image":[{"width":800,"height":800,"url":"https:\/\/academia02.overgenius.com\/wp-content\/uploads\/2024\/02\/TIGRES-ESPANOL.png","type":"image\/png"}],"twitter_card":"summary_large_image","twitter_misc":{"Est. reading time":"1 minute"},"schema":{"@context":"https:\/\/schema.org","@graph":[{"@type":"WebPage","@id":"https:\/\/academia02.overgenius.com\/producto\/markethink-tigres\/","url":"https:\/\/academia02.overgenius.com\/producto\/markethink-tigres\/","name":"MARKETHINK TIGRES - ACADEMIA OVERGENIUS","isPartOf":{"@id":"https:\/\/academia02.overgenius.com\/en\/#website"},"primaryImageOfPage":{"@id":"https:\/\/academia02.overgenius.com\/producto\/markethink-tigres\/#primaryimage"},"image":{"@id":"https:\/\/academia02.overgenius.com\/producto\/markethink-tigres\/#primaryimage"},"thumbnailUrl":"https:\/\/academia02.overgenius.com\/wp-content\/uploads\/2024\/02\/TIGRES-ESPANOL.png","datePublished":"2025-03-02T02:11:50+00:00","dateModified":"2026-01-15T04:12:18+00:00","description":"En TIGRES aprender\u00e1s a gestionar costos, establecer precios rentables y crear una identidad s\u00f3lida que conecte con tu p\u00fablico objetivo.","breadcrumb":{"@id":"https:\/\/academia02.overgenius.com\/producto\/markethink-tigres\/#breadcrumb"},"inLanguage":"en-US","potentialAction":[{"@type":"ReadAction","target":["https:\/\/academia02.overgenius.com\/producto\/markethink-tigres\/"]}]},{"@type":"ImageObject","inLanguage":"en-US","@id":"https:\/\/academia02.overgenius.com\/producto\/markethink-tigres\/#primaryimage","url":"https:\/\/academia02.overgenius.com\/wp-content\/uploads\/2024\/02\/TIGRES-ESPANOL.png","contentUrl":"https:\/\/academia02.overgenius.com\/wp-content\/uploads\/2024\/02\/TIGRES-ESPANOL.png","width":800,"height":800},{"@type":"BreadcrumbList","@id":"https:\/\/academia02.overgenius.com\/producto\/markethink-tigres\/#breadcrumb","itemListElement":[{"@type":"ListItem","position":1,"name":"Portada","item":"https:\/\/academia02.overgenius.com\/"},{"@type":"ListItem","position":2,"name":"Tienda","item":"https:\/\/academia02.overgenius.com\/en\/tienda\/"},{"@type":"ListItem","position":3,"name":"MARKETHINK TIGRES"}]},{"@type":"WebSite","@id":"https:\/\/academia02.overgenius.com\/en\/#website","url":"https:\/\/academia02.overgenius.com\/en\/","name":"OVERGENIUS","description":"Educaci\u00f3n a distancia","publisher":{"@id":"https:\/\/academia02.overgenius.com\/en\/#organization"},"potentialAction":[{"@type":"SearchAction","target":{"@type":"EntryPoint","urlTemplate":"https:\/\/academia02.overgenius.com\/en\/?s={search_term_string}"},"query-input":{"@type":"PropertyValueSpecification","valueRequired":true,"valueName":"search_term_string"}}],"inLanguage":"en-US"},{"@type":"Organization","@id":"https:\/\/academia02.overgenius.com\/en\/#organization","name":"OVERGENIUS","url":"https:\/\/academia02.overgenius.com\/en\/","logo":{"@type":"ImageObject","inLanguage":"en-US","@id":"https:\/\/academia02.overgenius.com\/en\/#\/schema\/logo\/image\/","url":"https:\/\/academia02.overgenius.com\/wp-content\/uploads\/2023\/10\/logotipo-overgeniusblanco7-03.png","contentUrl":"https:\/\/academia02.overgenius.com\/wp-content\/uploads\/2023\/10\/logotipo-overgeniusblanco7-03.png","width":2480,"height":876,"caption":"OVERGENIUS"},"image":{"@id":"https:\/\/academia02.overgenius.com\/en\/#\/schema\/logo\/image\/"}}]}},"_links":{"self":[{"href":"https:\/\/academia02.overgenius.com\/en\/wp-json\/wp\/v2\/product\/9620","targetHints":{"allow":["GET"]}}],"collection":[{"href":"https:\/\/academia02.overgenius.com\/en\/wp-json\/wp\/v2\/product"}],"about":[{"href":"https:\/\/academia02.overgenius.com\/en\/wp-json\/wp\/v2\/types\/product"}],"replies":[{"embeddable":true,"href":"https:\/\/academia02.overgenius.com\/en\/wp-json\/wp\/v2\/comments?post=9620"}],"wp:featuredmedia":[{"embeddable":true,"href":"https:\/\/academia02.overgenius.com\/en\/wp-json\/wp\/v2\/media\/9617"}],"wp:attachment":[{"href":"https:\/\/academia02.overgenius.com\/en\/wp-json\/wp\/v2\/media?parent=9620"}],"wp:term":[{"taxonomy":"product_brand","embeddable":true,"href":"https:\/\/academia02.overgenius.com\/en\/wp-json\/wp\/v2\/product_brand?post=9620"},{"taxonomy":"product_cat","embeddable":true,"href":"https:\/\/academia02.overgenius.com\/en\/wp-json\/wp\/v2\/product_cat?post=9620"},{"taxonomy":"product_tag","embeddable":true,"href":"https:\/\/academia02.overgenius.com\/en\/wp-json\/wp\/v2\/product_tag?post=9620"}],"curies":[{"name":"wp","href":"https:\/\/api.w.org\/{rel}","templated":true}]}}