{"id":9608,"date":"2025-03-01T22:50:12","date_gmt":"2025-03-01T22:50:12","guid":{"rendered":"https:\/\/academia02.overgenius.com\/?post_type=product&#038;p=9608"},"modified":"2026-01-15T04:12:28","modified_gmt":"2026-01-15T04:12:28","slug":"stop-think-create-kids","status":"publish","type":"product","link":"https:\/\/academia02.overgenius.com\/en\/product\/stop-think-create-kids\/","title":{"rendered":"MICRO LEARNING INTENSIVO <br> Lead &#038; Grow Scholarships <br> STOP. THINK. CREATE. KIDS"},"content":{"rendered":"<p>\ud83d\udd39 <strong>Potencia tu estrategia, transforma tu visi\u00f3n<\/strong> \ud83d\udd39<\/p>\n<p>MARKETHINK BY OVERGENIUS es un programa integral dise\u00f1ado para emprendedores, profesionales, estudiantes y empresas que buscan dominar el mundo del marketing con una visi\u00f3n estrat\u00e9gica y disruptiva. A trav\u00e9s de un enfoque innovador basado en <strong>branding, storytelling, neuroventas, semi\u00f3tica y herramientas digitales<\/strong>, este programa te brinda las claves para atraer m\u00e1s leads y fortalecer tu marca en un mercado competitivo (3 licencias m\u00ednimo de compra).<\/p>\n<h3><strong>\u00bfQu\u00e9 incluye?<\/strong><\/h3>\n<p>Desde fundamentos de marketing hasta estrategias avanzadas de conversi\u00f3n.<\/p>\n<p>\u2705 <strong>T\u00e9cnicas de Branding:<\/strong> Construcci\u00f3n de identidad visual y posicionamiento efectivo.<br \/>\n\u2705 <strong>Neuroventas y Psicolog\u00eda del Consumidor:<\/strong> Conecta con tu audiencia de manera estrat\u00e9gica.<br \/>\n\u2705 <strong>Uso de Inteligencia Artificial en Marketing:<\/strong> Optimiza procesos y maximiza resultados.<br \/>\n\u2705 <strong>Storytelling y Semi\u00f3tica:<\/strong> Crea mensajes impactantes que generen emociones.<br \/>\n\u2705 <strong>Estrategias Digitales y Anal\u00edtica:<\/strong> Domina redes sociales, publicidad y medici\u00f3n de impacto.<\/p>\n<h3><strong>Adem\u00e1s<\/strong><\/h3>\n<p>\u2705 <strong>Material multimedia:<\/strong> PDF con actividades de trabajo por tema y videos explicativos<br \/>\n\u2705 <strong>Quizes:<\/strong> Repasa y completa en cada tema para comprenderlo con \u00e9xito<\/p>\n<h3 data-start=\"1276\" data-end=\"1312\"><strong data-start=\"1280\" data-end=\"1310\">Diploma<\/strong><\/h3>\n<p data-start=\"1313\" data-end=\"1563\">\ud83c\udf93 Al completar este nanogrado recibir\u00e1s un <strong data-start=\"1355\" data-end=\"1388\">diploma oficial de OVERGENIUS<\/strong>, respaldado por especialistas en marketing y branding digital. Este reconocimiento avala tus conocimientos y habilidades, brind\u00e1ndote una ventaja competitiva en el mercado.<\/p>\n<h3><strong>Ideal para&#8230;<\/strong><\/h3>\n<p>\ud83d\udccc Emprendedores que buscan crear su marca.<br \/>\n\ud83d\udccc Empresas que quieren optimizar su estrategia de marketing o capacitar a sus colaboradores<br \/>\n\ud83d\udccc Estudiantes o profesionales que desean actualizarse con herramientas innovadoras.<\/p>\n<p>\ud83d\udd39 Aprende, innova y lleva tu estrategia al siguiente nivel con <strong>MARKETHINK BY OVERGENIUS<\/strong>.<\/p>\n<p>&nbsp;<\/p>","protected":false},"excerpt":{"rendered":"<h4><strong>\ud83c\udf93 BECA INTERNACIONAL<\/strong><\/h4>\n<p>S\u00e9 uno de los afortunados de nuestras 10,000 BECAS 2025 MARKETHINK STOP. THINK. CREATE con el 90% de descuento para que te conviertas en un experto en marketing digital en corto tiempo. (3 licencias m\u00ednimo)<\/p>\n<h4 data-start=\"2519\" data-end=\"2675\">\ud83d\ude80 <strong data-start=\"2522\" data-end=\"2563\">No dejes pasar esta oportunidad \u00fanica<\/strong>. Con esta <strong data-start=\"2574\" data-end=\"2604\">beca internacional del 90%<\/strong>, tienes acceso de forma <strong>INTENSIVA<\/strong> a un programa de alto nivel con una inversi\u00f3n m\u00ednima.<\/h4>\n<h3 data-start=\"2677\" data-end=\"2750\"><strong>\ud83d\udce9 \u00a1Post\u00falate ahora y transforma tu futuro!<\/strong><\/h3>","protected":false},"featured_media":13836,"comment_status":"open","ping_status":"closed","template":"","meta":{"pmpro_default_level":""},"product_brand":[],"product_cat":[114,95,106,108],"product_tag":[],"class_list":{"0":"post-9608","1":"product","2":"type-product","3":"status-publish","4":"has-post-thumbnail","6":"product_cat-becas","7":"product_cat-educacion","8":"product_cat-emprendimiento","9":"product_cat-pack","10":"pmpro-has-access","12":"first","13":"instock","14":"virtual","15":"purchasable","16":"product-type-composite"},"yoast_head":"<!-- This site is optimized with the Yoast SEO plugin v26.8 - https:\/\/yoast.com\/product\/yoast-seo-wordpress\/ -->\n<title>MICRO LEARNING INTENSIVO  Lead &amp; Grow Scholarships  STOP. THINK. CREATE. KIDS - ACADEMIA OVERGENIUS<\/title>\n<meta name=\"description\" content=\"Con MARKETHINK STC KIDS obtendr\u00e1s intensivamente todas las herramientas para potenciar tu marcas, generar m\u00e1s leads y optimizar la comunicaci\u00f3n con tus clientes.\" \/>\n<meta name=\"robots\" content=\"index, follow, max-snippet:-1, max-image-preview:large, max-video-preview:-1\" \/>\n<link rel=\"canonical\" href=\"https:\/\/academia02.overgenius.com\/en\/product\/stop-think-create-kids\/\" \/>\n<meta property=\"og:locale\" content=\"en_US\" \/>\n<meta property=\"og:type\" content=\"article\" \/>\n<meta property=\"og:title\" content=\"MICRO LEARNING INTENSIVO  Lead &amp; Grow Scholarships  STOP. THINK. CREATE. KIDS - ACADEMIA OVERGENIUS\" \/>\n<meta property=\"og:description\" content=\"Con MARKETHINK STC KIDS obtendr\u00e1s intensivamente todas las herramientas para potenciar tu marcas, generar m\u00e1s leads y optimizar la comunicaci\u00f3n con tus clientes.\" \/>\n<meta property=\"og:url\" content=\"https:\/\/academia02.overgenius.com\/en\/product\/stop-think-create-kids\/\" \/>\n<meta property=\"og:site_name\" content=\"ACADEMIA OVERGENIUS\" \/>\n<meta property=\"article:modified_time\" content=\"2026-01-15T04:12:28+00:00\" \/>\n<meta property=\"og:image\" content=\"https:\/\/academia02.overgenius.com\/wp-content\/uploads\/2025\/03\/LOGOTIPOS-MARKETHINK.jpg\" \/>\n\t<meta property=\"og:image:width\" content=\"1251\" \/>\n\t<meta property=\"og:image:height\" content=\"1251\" \/>\n\t<meta property=\"og:image:type\" content=\"image\/jpeg\" \/>\n<meta name=\"twitter:card\" content=\"summary_large_image\" \/>\n<meta name=\"twitter:label1\" content=\"Est. reading time\" \/>\n\t<meta name=\"twitter:data1\" content=\"2 minutes\" \/>\n<script type=\"application\/ld+json\" class=\"yoast-schema-graph\">{\"@context\":\"https:\/\/schema.org\",\"@graph\":[{\"@type\":\"WebPage\",\"@id\":\"https:\/\/academia02.overgenius.com\/producto\/stop-think-create-kids\/\",\"url\":\"https:\/\/academia02.overgenius.com\/producto\/stop-think-create-kids\/\",\"name\":\"MICRO LEARNING INTENSIVO Lead & Grow Scholarships STOP. THINK. CREATE. KIDS - ACADEMIA OVERGENIUS\",\"isPartOf\":{\"@id\":\"https:\/\/academia02.overgenius.com\/en\/#website\"},\"primaryImageOfPage\":{\"@id\":\"https:\/\/academia02.overgenius.com\/producto\/stop-think-create-kids\/#primaryimage\"},\"image\":{\"@id\":\"https:\/\/academia02.overgenius.com\/producto\/stop-think-create-kids\/#primaryimage\"},\"thumbnailUrl\":\"https:\/\/academia02.overgenius.com\/wp-content\/uploads\/2025\/03\/LOGOTIPOS-MARKETHINK.jpg\",\"datePublished\":\"2025-03-01T22:50:12+00:00\",\"dateModified\":\"2026-01-15T04:12:28+00:00\",\"description\":\"Con MARKETHINK STC KIDS obtendr\u00e1s intensivamente todas las herramientas para potenciar tu marcas, generar m\u00e1s leads y optimizar la comunicaci\u00f3n con tus clientes.\",\"breadcrumb\":{\"@id\":\"https:\/\/academia02.overgenius.com\/producto\/stop-think-create-kids\/#breadcrumb\"},\"inLanguage\":\"en-US\",\"potentialAction\":[{\"@type\":\"ReadAction\",\"target\":[\"https:\/\/academia02.overgenius.com\/producto\/stop-think-create-kids\/\"]}]},{\"@type\":\"ImageObject\",\"inLanguage\":\"en-US\",\"@id\":\"https:\/\/academia02.overgenius.com\/producto\/stop-think-create-kids\/#primaryimage\",\"url\":\"https:\/\/academia02.overgenius.com\/wp-content\/uploads\/2025\/03\/LOGOTIPOS-MARKETHINK.jpg\",\"contentUrl\":\"https:\/\/academia02.overgenius.com\/wp-content\/uploads\/2025\/03\/LOGOTIPOS-MARKETHINK.jpg\",\"width\":1251,\"height\":1251},{\"@type\":\"BreadcrumbList\",\"@id\":\"https:\/\/academia02.overgenius.com\/producto\/stop-think-create-kids\/#breadcrumb\",\"itemListElement\":[{\"@type\":\"ListItem\",\"position\":1,\"name\":\"Portada\",\"item\":\"https:\/\/academia02.overgenius.com\/\"},{\"@type\":\"ListItem\",\"position\":2,\"name\":\"Tienda\",\"item\":\"https:\/\/academia02.overgenius.com\/en\/tienda\/\"},{\"@type\":\"ListItem\",\"position\":3,\"name\":\"MICRO LEARNING INTENSIVO Lead &#038; Grow Scholarships STOP. THINK. CREATE. KIDS\"}]},{\"@type\":\"WebSite\",\"@id\":\"https:\/\/academia02.overgenius.com\/en\/#website\",\"url\":\"https:\/\/academia02.overgenius.com\/en\/\",\"name\":\"OVERGENIUS\",\"description\":\"Educaci\u00f3n a distancia\",\"publisher\":{\"@id\":\"https:\/\/academia02.overgenius.com\/en\/#organization\"},\"potentialAction\":[{\"@type\":\"SearchAction\",\"target\":{\"@type\":\"EntryPoint\",\"urlTemplate\":\"https:\/\/academia02.overgenius.com\/en\/?s={search_term_string}\"},\"query-input\":{\"@type\":\"PropertyValueSpecification\",\"valueRequired\":true,\"valueName\":\"search_term_string\"}}],\"inLanguage\":\"en-US\"},{\"@type\":\"Organization\",\"@id\":\"https:\/\/academia02.overgenius.com\/en\/#organization\",\"name\":\"OVERGENIUS\",\"url\":\"https:\/\/academia02.overgenius.com\/en\/\",\"logo\":{\"@type\":\"ImageObject\",\"inLanguage\":\"en-US\",\"@id\":\"https:\/\/academia02.overgenius.com\/en\/#\/schema\/logo\/image\/\",\"url\":\"https:\/\/academia02.overgenius.com\/wp-content\/uploads\/2023\/10\/logotipo-overgeniusblanco7-03.png\",\"contentUrl\":\"https:\/\/academia02.overgenius.com\/wp-content\/uploads\/2023\/10\/logotipo-overgeniusblanco7-03.png\",\"width\":2480,\"height\":876,\"caption\":\"OVERGENIUS\"},\"image\":{\"@id\":\"https:\/\/academia02.overgenius.com\/en\/#\/schema\/logo\/image\/\"}}]}<\/script>\n<!-- \/ Yoast SEO plugin. -->","yoast_head_json":{"title":"MICRO LEARNING INTENSIVO  Lead & Grow Scholarships  STOP. THINK. CREATE. KIDS - ACADEMIA OVERGENIUS","description":"Con MARKETHINK STC KIDS obtendr\u00e1s intensivamente todas las herramientas para potenciar tu marcas, generar m\u00e1s leads y optimizar la comunicaci\u00f3n con tus clientes.","robots":{"index":"index","follow":"follow","max-snippet":"max-snippet:-1","max-image-preview":"max-image-preview:large","max-video-preview":"max-video-preview:-1"},"canonical":"https:\/\/academia02.overgenius.com\/en\/product\/stop-think-create-kids\/","og_locale":"en_US","og_type":"article","og_title":"MICRO LEARNING INTENSIVO  Lead & Grow Scholarships  STOP. THINK. CREATE. KIDS - ACADEMIA OVERGENIUS","og_description":"Con MARKETHINK STC KIDS obtendr\u00e1s intensivamente todas las herramientas para potenciar tu marcas, generar m\u00e1s leads y optimizar la comunicaci\u00f3n con tus clientes.","og_url":"https:\/\/academia02.overgenius.com\/en\/product\/stop-think-create-kids\/","og_site_name":"ACADEMIA OVERGENIUS","article_modified_time":"2026-01-15T04:12:28+00:00","og_image":[{"width":1251,"height":1251,"url":"https:\/\/academia02.overgenius.com\/wp-content\/uploads\/2025\/03\/LOGOTIPOS-MARKETHINK.jpg","type":"image\/jpeg"}],"twitter_card":"summary_large_image","twitter_misc":{"Est. reading time":"2 minutes"},"schema":{"@context":"https:\/\/schema.org","@graph":[{"@type":"WebPage","@id":"https:\/\/academia02.overgenius.com\/producto\/stop-think-create-kids\/","url":"https:\/\/academia02.overgenius.com\/producto\/stop-think-create-kids\/","name":"MICRO LEARNING INTENSIVO Lead & Grow Scholarships STOP. THINK. CREATE. KIDS - ACADEMIA OVERGENIUS","isPartOf":{"@id":"https:\/\/academia02.overgenius.com\/en\/#website"},"primaryImageOfPage":{"@id":"https:\/\/academia02.overgenius.com\/producto\/stop-think-create-kids\/#primaryimage"},"image":{"@id":"https:\/\/academia02.overgenius.com\/producto\/stop-think-create-kids\/#primaryimage"},"thumbnailUrl":"https:\/\/academia02.overgenius.com\/wp-content\/uploads\/2025\/03\/LOGOTIPOS-MARKETHINK.jpg","datePublished":"2025-03-01T22:50:12+00:00","dateModified":"2026-01-15T04:12:28+00:00","description":"Con MARKETHINK STC KIDS obtendr\u00e1s intensivamente todas las herramientas para potenciar tu marcas, generar m\u00e1s leads y optimizar la comunicaci\u00f3n con tus clientes.","breadcrumb":{"@id":"https:\/\/academia02.overgenius.com\/producto\/stop-think-create-kids\/#breadcrumb"},"inLanguage":"en-US","potentialAction":[{"@type":"ReadAction","target":["https:\/\/academia02.overgenius.com\/producto\/stop-think-create-kids\/"]}]},{"@type":"ImageObject","inLanguage":"en-US","@id":"https:\/\/academia02.overgenius.com\/producto\/stop-think-create-kids\/#primaryimage","url":"https:\/\/academia02.overgenius.com\/wp-content\/uploads\/2025\/03\/LOGOTIPOS-MARKETHINK.jpg","contentUrl":"https:\/\/academia02.overgenius.com\/wp-content\/uploads\/2025\/03\/LOGOTIPOS-MARKETHINK.jpg","width":1251,"height":1251},{"@type":"BreadcrumbList","@id":"https:\/\/academia02.overgenius.com\/producto\/stop-think-create-kids\/#breadcrumb","itemListElement":[{"@type":"ListItem","position":1,"name":"Portada","item":"https:\/\/academia02.overgenius.com\/"},{"@type":"ListItem","position":2,"name":"Tienda","item":"https:\/\/academia02.overgenius.com\/en\/tienda\/"},{"@type":"ListItem","position":3,"name":"MICRO LEARNING INTENSIVO Lead &#038; Grow Scholarships STOP. THINK. CREATE. KIDS"}]},{"@type":"WebSite","@id":"https:\/\/academia02.overgenius.com\/en\/#website","url":"https:\/\/academia02.overgenius.com\/en\/","name":"OVERGENIUS","description":"Educaci\u00f3n a distancia","publisher":{"@id":"https:\/\/academia02.overgenius.com\/en\/#organization"},"potentialAction":[{"@type":"SearchAction","target":{"@type":"EntryPoint","urlTemplate":"https:\/\/academia02.overgenius.com\/en\/?s={search_term_string}"},"query-input":{"@type":"PropertyValueSpecification","valueRequired":true,"valueName":"search_term_string"}}],"inLanguage":"en-US"},{"@type":"Organization","@id":"https:\/\/academia02.overgenius.com\/en\/#organization","name":"OVERGENIUS","url":"https:\/\/academia02.overgenius.com\/en\/","logo":{"@type":"ImageObject","inLanguage":"en-US","@id":"https:\/\/academia02.overgenius.com\/en\/#\/schema\/logo\/image\/","url":"https:\/\/academia02.overgenius.com\/wp-content\/uploads\/2023\/10\/logotipo-overgeniusblanco7-03.png","contentUrl":"https:\/\/academia02.overgenius.com\/wp-content\/uploads\/2023\/10\/logotipo-overgeniusblanco7-03.png","width":2480,"height":876,"caption":"OVERGENIUS"},"image":{"@id":"https:\/\/academia02.overgenius.com\/en\/#\/schema\/logo\/image\/"}}]}},"_links":{"self":[{"href":"https:\/\/academia02.overgenius.com\/en\/wp-json\/wp\/v2\/product\/9608","targetHints":{"allow":["GET"]}}],"collection":[{"href":"https:\/\/academia02.overgenius.com\/en\/wp-json\/wp\/v2\/product"}],"about":[{"href":"https:\/\/academia02.overgenius.com\/en\/wp-json\/wp\/v2\/types\/product"}],"replies":[{"embeddable":true,"href":"https:\/\/academia02.overgenius.com\/en\/wp-json\/wp\/v2\/comments?post=9608"}],"wp:featuredmedia":[{"embeddable":true,"href":"https:\/\/academia02.overgenius.com\/en\/wp-json\/wp\/v2\/media\/13836"}],"wp:attachment":[{"href":"https:\/\/academia02.overgenius.com\/en\/wp-json\/wp\/v2\/media?parent=9608"}],"wp:term":[{"taxonomy":"product_brand","embeddable":true,"href":"https:\/\/academia02.overgenius.com\/en\/wp-json\/wp\/v2\/product_brand?post=9608"},{"taxonomy":"product_cat","embeddable":true,"href":"https:\/\/academia02.overgenius.com\/en\/wp-json\/wp\/v2\/product_cat?post=9608"},{"taxonomy":"product_tag","embeddable":true,"href":"https:\/\/academia02.overgenius.com\/en\/wp-json\/wp\/v2\/product_tag?post=9608"}],"curies":[{"name":"wp","href":"https:\/\/api.w.org\/{rel}","templated":true}]}}