{"id":8245,"date":"2024-07-06T04:15:39","date_gmt":"2024-07-06T04:15:39","guid":{"rendered":"https:\/\/academia02.overgenius.com\/?post_type=product&#038;p=8245"},"modified":"2026-01-16T04:01:06","modified_gmt":"2026-01-16T04:01:06","slug":"stop-think-create","status":"publish","type":"product","link":"https:\/\/academia02.overgenius.com\/en\/product\/stop-think-create\/","title":{"rendered":"MARKETHINK INTENSIVO STOP. THINK. CREATE."},"content":{"rendered":"<p data-start=\"194\" data-end=\"461\">En un entorno donde el marketing evoluciona a gran velocidad, adaptarse no es una opci\u00f3n: es una necesidad. El <strong data-start=\"305\" data-end=\"331\">PROGRAMA MARKETHINK INTENSIVO STC, <\/strong>ha sido dise\u00f1ado para ni\u00f1os, j\u00f3venes y profesionales que buscan una formaci\u00f3n \u00e1gil, pr\u00e1ctica y estrat\u00e9gica, pero sobre todo f\u00e1cil de comprender temas complejos de <strong>M\u00e1rketing Digital.\u00a0<\/strong><\/p>\n<p>&nbsp;<\/p>\n<p><!--more--><\/p>\n<p data-start=\"463\" data-end=\"722\">Este curso de corta duraci\u00f3n ofrece los temas m\u00e1s puntuales de nuestro programa <strong>MARKETHINK<\/strong> en una inmersi\u00f3n enfocada en los pilares del marketing actual. A trav\u00e9s de una metodolog\u00eda din\u00e1mica y gamificada,\u00a0 los participantes adquirir\u00e1n herramientas clave para tomar decisiones m\u00e1s inteligentes y creativas en un entorno competitivo <strong>al realizar su emprendimiento desde cero.\u00a0<\/strong><\/p>\n<p data-start=\"724\" data-end=\"957\">Durante el programa, se abordar\u00e1n temas fundamentales como:<br data-start=\"783\" data-end=\"786\" \/>\u2714\ufe0f Investigaci\u00f3n de mercado orientada a la acci\u00f3n<br data-start=\"835\" data-end=\"838\" \/>\u2714\ufe0f Dise\u00f1o y ejecuci\u00f3n de campa\u00f1as publicitarias efectivas<br data-start=\"895\" data-end=\"898\" \/>\u2714\ufe0f Estrategias de precios y marketing digital aplicadas al mundo real<\/p>\n<p data-start=\"959\" data-end=\"1180\">Ideal para personas con agendas exigentes que necesitan resultados concretos en poco tiempo, el <strong>PROGRAMA INTENSIVO STC<\/strong> es una experiencia de aprendizaje pensada para acelerar tu impacto emprendedor y profesional desde el primer m\u00f3dulo.<\/p>","protected":false},"excerpt":{"rendered":"<p>Programa INTENSIVO de emprendimiento y liderazgo para ni\u00f1os a partir de 7 a\u00f1os de edad, j\u00f3venes y profesionales.<\/p>\n<p>&nbsp;<\/p>\n<p><!--more--><\/p>\n<p>Aprende en corto tiempo temas b\u00e1sicos como:<\/p>\n<ul>\n<li>Cromatolog\u00eda<\/li>\n<li>Cadena de valor<\/li>\n<li>Econom\u00eda circular<\/li>\n<li>FODA empresarial y personal<\/li>\n<li>T\u00e9cnicas de Naming<\/li>\n<li>Posicionamiento y Target<\/li>\n<li>Tipolog\u00eda y creaci\u00f3n de logos<\/li>\n<li>M\u00e1rketing verde<\/li>\n<li>Empaque y etiqueta<\/li>\n<li>Finanzas y presupuestos<\/li>\n<li>M\u00e1rketing Mix<\/li>\n<li>Competencia y Benchmarking<\/li>\n<li>Embudos en m\u00e1rketing<\/li>\n<li>Servicio al Cliente<\/li>\n<\/ul>","protected":false},"featured_media":13871,"comment_status":"open","ping_status":"closed","template":"","meta":{"pmpro_default_level":""},"product_brand":[],"product_cat":[95,106],"product_tag":[],"class_list":{"0":"post-8245","1":"product","2":"type-product","3":"status-publish","4":"has-post-thumbnail","6":"product_cat-educacion","7":"product_cat-emprendimiento","8":"pmpro-has-access","10":"first","11":"instock","12":"virtual","13":"sold-individually","14":"purchasable","15":"product-type-simple"},"yoast_head":"<!-- This site is optimized with the Yoast SEO plugin v26.8 - https:\/\/yoast.com\/product\/yoast-seo-wordpress\/ -->\n<title>MARKETHINK INTENSIVO STOP. THINK. CREATE. - ACADEMIA OVERGENIUS<\/title>\n<meta name=\"description\" content=\"Una opci\u00f3n de aprendizaje sintetizado e intensivo de nuestro programa de psicoemprendimiento y liderazgo digital MARKETHINK.\" \/>\n<meta name=\"robots\" content=\"index, follow, max-snippet:-1, max-image-preview:large, max-video-preview:-1\" \/>\n<link rel=\"canonical\" href=\"https:\/\/academia02.overgenius.com\/en\/product\/stop-think-create\/\" \/>\n<meta property=\"og:locale\" content=\"en_US\" \/>\n<meta property=\"og:type\" content=\"article\" \/>\n<meta property=\"og:title\" content=\"STOP-THINK-CREATE - INTENSIVO\" \/>\n<meta property=\"og:description\" content=\"Ideal para personas con agendas exigentes que necesitan resultados concretos en poco tiempo\" \/>\n<meta property=\"og:url\" content=\"https:\/\/academia02.overgenius.com\/en\/product\/stop-think-create\/\" \/>\n<meta property=\"og:site_name\" content=\"ACADEMIA OVERGENIUS\" \/>\n<meta property=\"article:modified_time\" content=\"2026-01-16T04:01:06+00:00\" \/>\n<meta property=\"og:image\" content=\"https:\/\/academia02.overgenius.com\/wp-content\/uploads\/2024\/07\/LOGOTIPOS-MARKETHINK-22.jpg\" \/>\n\t<meta property=\"og:image:width\" content=\"1250\" \/>\n\t<meta property=\"og:image:height\" content=\"1250\" \/>\n\t<meta property=\"og:image:type\" content=\"image\/jpeg\" \/>\n<meta name=\"twitter:card\" content=\"summary_large_image\" \/>\n<meta name=\"twitter:label1\" content=\"Est. reading time\" \/>\n\t<meta name=\"twitter:data1\" content=\"1 minute\" \/>\n<script type=\"application\/ld+json\" class=\"yoast-schema-graph\">{\"@context\":\"https:\/\/schema.org\",\"@graph\":[{\"@type\":\"WebPage\",\"@id\":\"https:\/\/academia02.overgenius.com\/producto\/stop-think-create\/\",\"url\":\"https:\/\/academia02.overgenius.com\/producto\/stop-think-create\/\",\"name\":\"MARKETHINK INTENSIVO STOP. THINK. CREATE. - ACADEMIA OVERGENIUS\",\"isPartOf\":{\"@id\":\"https:\/\/academia02.overgenius.com\/en\/#website\"},\"primaryImageOfPage\":{\"@id\":\"https:\/\/academia02.overgenius.com\/producto\/stop-think-create\/#primaryimage\"},\"image\":{\"@id\":\"https:\/\/academia02.overgenius.com\/producto\/stop-think-create\/#primaryimage\"},\"thumbnailUrl\":\"https:\/\/academia02.overgenius.com\/wp-content\/uploads\/2026\/01\/LOGOTIPOS-MARKETHINK-16.jpg\",\"datePublished\":\"2024-07-06T04:15:39+00:00\",\"dateModified\":\"2026-01-16T04:01:06+00:00\",\"description\":\"Una opci\u00f3n de aprendizaje sintetizado e intensivo de nuestro programa de psicoemprendimiento y liderazgo digital MARKETHINK.\",\"breadcrumb\":{\"@id\":\"https:\/\/academia02.overgenius.com\/producto\/stop-think-create\/#breadcrumb\"},\"inLanguage\":\"en-US\",\"potentialAction\":[{\"@type\":\"ReadAction\",\"target\":[\"https:\/\/academia02.overgenius.com\/producto\/stop-think-create\/\"]}]},{\"@type\":\"ImageObject\",\"inLanguage\":\"en-US\",\"@id\":\"https:\/\/academia02.overgenius.com\/producto\/stop-think-create\/#primaryimage\",\"url\":\"https:\/\/academia02.overgenius.com\/wp-content\/uploads\/2026\/01\/LOGOTIPOS-MARKETHINK-16.jpg\",\"contentUrl\":\"https:\/\/academia02.overgenius.com\/wp-content\/uploads\/2026\/01\/LOGOTIPOS-MARKETHINK-16.jpg\",\"width\":1251,\"height\":1251},{\"@type\":\"BreadcrumbList\",\"@id\":\"https:\/\/academia02.overgenius.com\/producto\/stop-think-create\/#breadcrumb\",\"itemListElement\":[{\"@type\":\"ListItem\",\"position\":1,\"name\":\"Portada\",\"item\":\"https:\/\/academia02.overgenius.com\/\"},{\"@type\":\"ListItem\",\"position\":2,\"name\":\"Tienda\",\"item\":\"https:\/\/academia02.overgenius.com\/en\/tienda\/\"},{\"@type\":\"ListItem\",\"position\":3,\"name\":\"MARKETHINK INTENSIVO STOP. THINK. CREATE.\"}]},{\"@type\":\"WebSite\",\"@id\":\"https:\/\/academia02.overgenius.com\/en\/#website\",\"url\":\"https:\/\/academia02.overgenius.com\/en\/\",\"name\":\"OVERGENIUS\",\"description\":\"Educaci\u00f3n a distancia\",\"publisher\":{\"@id\":\"https:\/\/academia02.overgenius.com\/en\/#organization\"},\"potentialAction\":[{\"@type\":\"SearchAction\",\"target\":{\"@type\":\"EntryPoint\",\"urlTemplate\":\"https:\/\/academia02.overgenius.com\/en\/?s={search_term_string}\"},\"query-input\":{\"@type\":\"PropertyValueSpecification\",\"valueRequired\":true,\"valueName\":\"search_term_string\"}}],\"inLanguage\":\"en-US\"},{\"@type\":\"Organization\",\"@id\":\"https:\/\/academia02.overgenius.com\/en\/#organization\",\"name\":\"OVERGENIUS\",\"url\":\"https:\/\/academia02.overgenius.com\/en\/\",\"logo\":{\"@type\":\"ImageObject\",\"inLanguage\":\"en-US\",\"@id\":\"https:\/\/academia02.overgenius.com\/en\/#\/schema\/logo\/image\/\",\"url\":\"https:\/\/academia02.overgenius.com\/wp-content\/uploads\/2023\/10\/logotipo-overgeniusblanco7-03.png\",\"contentUrl\":\"https:\/\/academia02.overgenius.com\/wp-content\/uploads\/2023\/10\/logotipo-overgeniusblanco7-03.png\",\"width\":2480,\"height\":876,\"caption\":\"OVERGENIUS\"},\"image\":{\"@id\":\"https:\/\/academia02.overgenius.com\/en\/#\/schema\/logo\/image\/\"}}]}<\/script>\n<!-- \/ Yoast SEO plugin. -->","yoast_head_json":{"title":"MARKETHINK INTENSIVO STOP. THINK. CREATE. - ACADEMIA OVERGENIUS","description":"Una opci\u00f3n de aprendizaje sintetizado e intensivo de nuestro programa de psicoemprendimiento y liderazgo digital MARKETHINK.","robots":{"index":"index","follow":"follow","max-snippet":"max-snippet:-1","max-image-preview":"max-image-preview:large","max-video-preview":"max-video-preview:-1"},"canonical":"https:\/\/academia02.overgenius.com\/en\/product\/stop-think-create\/","og_locale":"en_US","og_type":"article","og_title":"STOP-THINK-CREATE - INTENSIVO","og_description":"Ideal para personas con agendas exigentes que necesitan resultados concretos en poco tiempo","og_url":"https:\/\/academia02.overgenius.com\/en\/product\/stop-think-create\/","og_site_name":"ACADEMIA OVERGENIUS","article_modified_time":"2026-01-16T04:01:06+00:00","og_image":[{"width":1250,"height":1250,"url":"https:\/\/academia02.overgenius.com\/wp-content\/uploads\/2024\/07\/LOGOTIPOS-MARKETHINK-22.jpg","type":"image\/jpeg"}],"twitter_card":"summary_large_image","twitter_misc":{"Est. reading time":"1 minute"},"schema":{"@context":"https:\/\/schema.org","@graph":[{"@type":"WebPage","@id":"https:\/\/academia02.overgenius.com\/producto\/stop-think-create\/","url":"https:\/\/academia02.overgenius.com\/producto\/stop-think-create\/","name":"MARKETHINK INTENSIVO STOP. THINK. CREATE. - ACADEMIA OVERGENIUS","isPartOf":{"@id":"https:\/\/academia02.overgenius.com\/en\/#website"},"primaryImageOfPage":{"@id":"https:\/\/academia02.overgenius.com\/producto\/stop-think-create\/#primaryimage"},"image":{"@id":"https:\/\/academia02.overgenius.com\/producto\/stop-think-create\/#primaryimage"},"thumbnailUrl":"https:\/\/academia02.overgenius.com\/wp-content\/uploads\/2026\/01\/LOGOTIPOS-MARKETHINK-16.jpg","datePublished":"2024-07-06T04:15:39+00:00","dateModified":"2026-01-16T04:01:06+00:00","description":"Una opci\u00f3n de aprendizaje sintetizado e intensivo de nuestro programa de psicoemprendimiento y liderazgo digital MARKETHINK.","breadcrumb":{"@id":"https:\/\/academia02.overgenius.com\/producto\/stop-think-create\/#breadcrumb"},"inLanguage":"en-US","potentialAction":[{"@type":"ReadAction","target":["https:\/\/academia02.overgenius.com\/producto\/stop-think-create\/"]}]},{"@type":"ImageObject","inLanguage":"en-US","@id":"https:\/\/academia02.overgenius.com\/producto\/stop-think-create\/#primaryimage","url":"https:\/\/academia02.overgenius.com\/wp-content\/uploads\/2026\/01\/LOGOTIPOS-MARKETHINK-16.jpg","contentUrl":"https:\/\/academia02.overgenius.com\/wp-content\/uploads\/2026\/01\/LOGOTIPOS-MARKETHINK-16.jpg","width":1251,"height":1251},{"@type":"BreadcrumbList","@id":"https:\/\/academia02.overgenius.com\/producto\/stop-think-create\/#breadcrumb","itemListElement":[{"@type":"ListItem","position":1,"name":"Portada","item":"https:\/\/academia02.overgenius.com\/"},{"@type":"ListItem","position":2,"name":"Tienda","item":"https:\/\/academia02.overgenius.com\/en\/tienda\/"},{"@type":"ListItem","position":3,"name":"MARKETHINK INTENSIVO STOP. THINK. CREATE."}]},{"@type":"WebSite","@id":"https:\/\/academia02.overgenius.com\/en\/#website","url":"https:\/\/academia02.overgenius.com\/en\/","name":"OVERGENIUS","description":"Educaci\u00f3n a distancia","publisher":{"@id":"https:\/\/academia02.overgenius.com\/en\/#organization"},"potentialAction":[{"@type":"SearchAction","target":{"@type":"EntryPoint","urlTemplate":"https:\/\/academia02.overgenius.com\/en\/?s={search_term_string}"},"query-input":{"@type":"PropertyValueSpecification","valueRequired":true,"valueName":"search_term_string"}}],"inLanguage":"en-US"},{"@type":"Organization","@id":"https:\/\/academia02.overgenius.com\/en\/#organization","name":"OVERGENIUS","url":"https:\/\/academia02.overgenius.com\/en\/","logo":{"@type":"ImageObject","inLanguage":"en-US","@id":"https:\/\/academia02.overgenius.com\/en\/#\/schema\/logo\/image\/","url":"https:\/\/academia02.overgenius.com\/wp-content\/uploads\/2023\/10\/logotipo-overgeniusblanco7-03.png","contentUrl":"https:\/\/academia02.overgenius.com\/wp-content\/uploads\/2023\/10\/logotipo-overgeniusblanco7-03.png","width":2480,"height":876,"caption":"OVERGENIUS"},"image":{"@id":"https:\/\/academia02.overgenius.com\/en\/#\/schema\/logo\/image\/"}}]}},"_links":{"self":[{"href":"https:\/\/academia02.overgenius.com\/en\/wp-json\/wp\/v2\/product\/8245","targetHints":{"allow":["GET"]}}],"collection":[{"href":"https:\/\/academia02.overgenius.com\/en\/wp-json\/wp\/v2\/product"}],"about":[{"href":"https:\/\/academia02.overgenius.com\/en\/wp-json\/wp\/v2\/types\/product"}],"replies":[{"embeddable":true,"href":"https:\/\/academia02.overgenius.com\/en\/wp-json\/wp\/v2\/comments?post=8245"}],"wp:featuredmedia":[{"embeddable":true,"href":"https:\/\/academia02.overgenius.com\/en\/wp-json\/wp\/v2\/media\/13871"}],"wp:attachment":[{"href":"https:\/\/academia02.overgenius.com\/en\/wp-json\/wp\/v2\/media?parent=8245"}],"wp:term":[{"taxonomy":"product_brand","embeddable":true,"href":"https:\/\/academia02.overgenius.com\/en\/wp-json\/wp\/v2\/product_brand?post=8245"},{"taxonomy":"product_cat","embeddable":true,"href":"https:\/\/academia02.overgenius.com\/en\/wp-json\/wp\/v2\/product_cat?post=8245"},{"taxonomy":"product_tag","embeddable":true,"href":"https:\/\/academia02.overgenius.com\/en\/wp-json\/wp\/v2\/product_tag?post=8245"}],"curies":[{"name":"wp","href":"https:\/\/api.w.org\/{rel}","templated":true}]}}