{"id":6661,"date":"2024-02-05T23:03:30","date_gmt":"2024-02-05T23:03:30","guid":{"rendered":"https:\/\/academia02.overgenius.com\/?post_type=product&#038;p=6661"},"modified":"2026-01-26T01:14:41","modified_gmt":"2026-01-26T01:14:41","slug":"markethink-topos","status":"publish","type":"product","link":"https:\/\/academia02.overgenius.com\/en\/product\/markethink-topos\/","title":{"rendered":"MARKETHINK TOPOS"},"content":{"rendered":"<h3 data-start=\"106\" data-end=\"177\"><strong data-start=\"108\" data-end=\"175\">M\u00f3dulo TOPOS \u2013 S\u00e9 un L\u00edder y Aprende Habilidades de Negocios<\/strong><\/h3>\n<p data-start=\"179\" data-end=\"483\">El <strong data-start=\"182\" data-end=\"198\">M\u00f3dulo TOPOS<\/strong> de <strong data-start=\"202\" data-end=\"230\">MARKETHINK BY OVERGENIUS<\/strong> est\u00e1 dise\u00f1ado para aquellos que buscan <strong data-start=\"270\" data-end=\"341\">desarrollar su liderazgo y fortalecer sus habilidades empresariales<\/strong>. En este nivel, aprender\u00e1s a tomar decisiones estrat\u00e9gicas, liderar equipos con \u00e9xito y construir un modelo de negocio s\u00f3lido y sostenible.<\/p>","protected":false},"excerpt":{"rendered":"<p>En este nivel nos enfocamos en buscar nuevas oportunidades a pesar de los obst\u00e1culos, siendo emp\u00e1ticos con quienes tienen alguna discapacidad e incluirles siempre.<\/p>\n<p>Enfocarte en alcanzar tus objetivos y prepararte para la aventura que conlleva es un genial inicio para ser exitoso en lo que realices.<\/p>","protected":false},"featured_media":9618,"comment_status":"open","ping_status":"closed","template":"","meta":{"pmpro_default_level":""},"product_brand":[],"product_cat":[95,106,107],"product_tag":[],"class_list":{"0":"post-6661","1":"product","2":"type-product","3":"status-publish","4":"has-post-thumbnail","6":"product_cat-educacion","7":"product_cat-emprendimiento","8":"product_cat-individual","9":"pmpro-has-access","11":"first","12":"instock","13":"virtual","14":"sold-individually","15":"purchasable","16":"product-type-simple"},"yoast_head":"<!-- This site is optimized with the Yoast SEO plugin v26.8 - https:\/\/yoast.com\/product\/yoast-seo-wordpress\/ -->\n<title>MARKETHINK TOPOS - ACADEMIA OVERGENIUS<\/title>\n<meta name=\"description\" content=\"En TOPOS aprender\u00e1s a tomar decisiones estrat\u00e9gicas, liderar equipos con \u00e9xito y construir un modelo de negocio s\u00f3lido y sostenible.\" \/>\n<meta name=\"robots\" content=\"index, follow, max-snippet:-1, max-image-preview:large, max-video-preview:-1\" \/>\n<link rel=\"canonical\" href=\"https:\/\/academia02.overgenius.com\/en\/product\/markethink-topos\/\" \/>\n<meta property=\"og:locale\" content=\"en_US\" \/>\n<meta property=\"og:type\" content=\"article\" \/>\n<meta property=\"og:title\" content=\"MARKETHINK TOPOS - ACADEMIA OVERGENIUS\" \/>\n<meta property=\"og:description\" content=\"En TOPOS aprender\u00e1s a tomar decisiones estrat\u00e9gicas, liderar equipos con \u00e9xito y construir un modelo de negocio s\u00f3lido y sostenible.\" \/>\n<meta property=\"og:url\" content=\"https:\/\/academia02.overgenius.com\/en\/product\/markethink-topos\/\" \/>\n<meta property=\"og:site_name\" content=\"ACADEMIA OVERGENIUS\" \/>\n<meta property=\"article:modified_time\" content=\"2026-01-26T01:14:41+00:00\" \/>\n<meta property=\"og:image\" content=\"https:\/\/academia02.overgenius.com\/wp-content\/uploads\/2024\/02\/TOPOS-ESPANOL.png\" \/>\n\t<meta property=\"og:image:width\" content=\"800\" \/>\n\t<meta property=\"og:image:height\" content=\"800\" \/>\n\t<meta property=\"og:image:type\" content=\"image\/png\" \/>\n<meta name=\"twitter:card\" content=\"summary_large_image\" \/>\n<meta name=\"twitter:label1\" content=\"Est. reading time\" \/>\n\t<meta name=\"twitter:data1\" content=\"1 minute\" \/>\n<script type=\"application\/ld+json\" class=\"yoast-schema-graph\">{\"@context\":\"https:\/\/schema.org\",\"@graph\":[{\"@type\":\"WebPage\",\"@id\":\"https:\/\/academia02.overgenius.com\/producto\/markethink-topos\/\",\"url\":\"https:\/\/academia02.overgenius.com\/producto\/markethink-topos\/\",\"name\":\"MARKETHINK TOPOS - ACADEMIA OVERGENIUS\",\"isPartOf\":{\"@id\":\"https:\/\/academia02.overgenius.com\/en\/#website\"},\"primaryImageOfPage\":{\"@id\":\"https:\/\/academia02.overgenius.com\/producto\/markethink-topos\/#primaryimage\"},\"image\":{\"@id\":\"https:\/\/academia02.overgenius.com\/producto\/markethink-topos\/#primaryimage\"},\"thumbnailUrl\":\"https:\/\/academia02.overgenius.com\/wp-content\/uploads\/2024\/02\/TOPOS-ESPANOL.png\",\"datePublished\":\"2024-02-05T23:03:30+00:00\",\"dateModified\":\"2026-01-26T01:14:41+00:00\",\"description\":\"En TOPOS aprender\u00e1s a tomar decisiones estrat\u00e9gicas, liderar equipos con \u00e9xito y construir un modelo de negocio s\u00f3lido y sostenible.\",\"breadcrumb\":{\"@id\":\"https:\/\/academia02.overgenius.com\/producto\/markethink-topos\/#breadcrumb\"},\"inLanguage\":\"en-US\",\"potentialAction\":[{\"@type\":\"ReadAction\",\"target\":[\"https:\/\/academia02.overgenius.com\/producto\/markethink-topos\/\"]}]},{\"@type\":\"ImageObject\",\"inLanguage\":\"en-US\",\"@id\":\"https:\/\/academia02.overgenius.com\/producto\/markethink-topos\/#primaryimage\",\"url\":\"https:\/\/academia02.overgenius.com\/wp-content\/uploads\/2024\/02\/TOPOS-ESPANOL.png\",\"contentUrl\":\"https:\/\/academia02.overgenius.com\/wp-content\/uploads\/2024\/02\/TOPOS-ESPANOL.png\",\"width\":800,\"height\":800},{\"@type\":\"BreadcrumbList\",\"@id\":\"https:\/\/academia02.overgenius.com\/producto\/markethink-topos\/#breadcrumb\",\"itemListElement\":[{\"@type\":\"ListItem\",\"position\":1,\"name\":\"Portada\",\"item\":\"https:\/\/academia02.overgenius.com\/\"},{\"@type\":\"ListItem\",\"position\":2,\"name\":\"Tienda\",\"item\":\"https:\/\/academia02.overgenius.com\/en\/tienda\/\"},{\"@type\":\"ListItem\",\"position\":3,\"name\":\"MARKETHINK TOPOS\"}]},{\"@type\":\"WebSite\",\"@id\":\"https:\/\/academia02.overgenius.com\/en\/#website\",\"url\":\"https:\/\/academia02.overgenius.com\/en\/\",\"name\":\"OVERGENIUS\",\"description\":\"Educaci\u00f3n a distancia\",\"publisher\":{\"@id\":\"https:\/\/academia02.overgenius.com\/en\/#organization\"},\"potentialAction\":[{\"@type\":\"SearchAction\",\"target\":{\"@type\":\"EntryPoint\",\"urlTemplate\":\"https:\/\/academia02.overgenius.com\/en\/?s={search_term_string}\"},\"query-input\":{\"@type\":\"PropertyValueSpecification\",\"valueRequired\":true,\"valueName\":\"search_term_string\"}}],\"inLanguage\":\"en-US\"},{\"@type\":\"Organization\",\"@id\":\"https:\/\/academia02.overgenius.com\/en\/#organization\",\"name\":\"OVERGENIUS\",\"url\":\"https:\/\/academia02.overgenius.com\/en\/\",\"logo\":{\"@type\":\"ImageObject\",\"inLanguage\":\"en-US\",\"@id\":\"https:\/\/academia02.overgenius.com\/en\/#\/schema\/logo\/image\/\",\"url\":\"https:\/\/academia02.overgenius.com\/wp-content\/uploads\/2023\/10\/logotipo-overgeniusblanco7-03.png\",\"contentUrl\":\"https:\/\/academia02.overgenius.com\/wp-content\/uploads\/2023\/10\/logotipo-overgeniusblanco7-03.png\",\"width\":2480,\"height\":876,\"caption\":\"OVERGENIUS\"},\"image\":{\"@id\":\"https:\/\/academia02.overgenius.com\/en\/#\/schema\/logo\/image\/\"}}]}<\/script>\n<!-- \/ Yoast SEO plugin. -->","yoast_head_json":{"title":"MARKETHINK TOPOS - ACADEMIA OVERGENIUS","description":"En TOPOS aprender\u00e1s a tomar decisiones estrat\u00e9gicas, liderar equipos con \u00e9xito y construir un modelo de negocio s\u00f3lido y sostenible.","robots":{"index":"index","follow":"follow","max-snippet":"max-snippet:-1","max-image-preview":"max-image-preview:large","max-video-preview":"max-video-preview:-1"},"canonical":"https:\/\/academia02.overgenius.com\/en\/product\/markethink-topos\/","og_locale":"en_US","og_type":"article","og_title":"MARKETHINK TOPOS - ACADEMIA OVERGENIUS","og_description":"En TOPOS aprender\u00e1s a tomar decisiones estrat\u00e9gicas, liderar equipos con \u00e9xito y construir un modelo de negocio s\u00f3lido y sostenible.","og_url":"https:\/\/academia02.overgenius.com\/en\/product\/markethink-topos\/","og_site_name":"ACADEMIA OVERGENIUS","article_modified_time":"2026-01-26T01:14:41+00:00","og_image":[{"width":800,"height":800,"url":"https:\/\/academia02.overgenius.com\/wp-content\/uploads\/2024\/02\/TOPOS-ESPANOL.png","type":"image\/png"}],"twitter_card":"summary_large_image","twitter_misc":{"Est. reading time":"1 minute"},"schema":{"@context":"https:\/\/schema.org","@graph":[{"@type":"WebPage","@id":"https:\/\/academia02.overgenius.com\/producto\/markethink-topos\/","url":"https:\/\/academia02.overgenius.com\/producto\/markethink-topos\/","name":"MARKETHINK TOPOS - ACADEMIA OVERGENIUS","isPartOf":{"@id":"https:\/\/academia02.overgenius.com\/en\/#website"},"primaryImageOfPage":{"@id":"https:\/\/academia02.overgenius.com\/producto\/markethink-topos\/#primaryimage"},"image":{"@id":"https:\/\/academia02.overgenius.com\/producto\/markethink-topos\/#primaryimage"},"thumbnailUrl":"https:\/\/academia02.overgenius.com\/wp-content\/uploads\/2024\/02\/TOPOS-ESPANOL.png","datePublished":"2024-02-05T23:03:30+00:00","dateModified":"2026-01-26T01:14:41+00:00","description":"En TOPOS aprender\u00e1s a tomar decisiones estrat\u00e9gicas, liderar equipos con \u00e9xito y construir un modelo de negocio s\u00f3lido y sostenible.","breadcrumb":{"@id":"https:\/\/academia02.overgenius.com\/producto\/markethink-topos\/#breadcrumb"},"inLanguage":"en-US","potentialAction":[{"@type":"ReadAction","target":["https:\/\/academia02.overgenius.com\/producto\/markethink-topos\/"]}]},{"@type":"ImageObject","inLanguage":"en-US","@id":"https:\/\/academia02.overgenius.com\/producto\/markethink-topos\/#primaryimage","url":"https:\/\/academia02.overgenius.com\/wp-content\/uploads\/2024\/02\/TOPOS-ESPANOL.png","contentUrl":"https:\/\/academia02.overgenius.com\/wp-content\/uploads\/2024\/02\/TOPOS-ESPANOL.png","width":800,"height":800},{"@type":"BreadcrumbList","@id":"https:\/\/academia02.overgenius.com\/producto\/markethink-topos\/#breadcrumb","itemListElement":[{"@type":"ListItem","position":1,"name":"Portada","item":"https:\/\/academia02.overgenius.com\/"},{"@type":"ListItem","position":2,"name":"Tienda","item":"https:\/\/academia02.overgenius.com\/en\/tienda\/"},{"@type":"ListItem","position":3,"name":"MARKETHINK TOPOS"}]},{"@type":"WebSite","@id":"https:\/\/academia02.overgenius.com\/en\/#website","url":"https:\/\/academia02.overgenius.com\/en\/","name":"OVERGENIUS","description":"Educaci\u00f3n a distancia","publisher":{"@id":"https:\/\/academia02.overgenius.com\/en\/#organization"},"potentialAction":[{"@type":"SearchAction","target":{"@type":"EntryPoint","urlTemplate":"https:\/\/academia02.overgenius.com\/en\/?s={search_term_string}"},"query-input":{"@type":"PropertyValueSpecification","valueRequired":true,"valueName":"search_term_string"}}],"inLanguage":"en-US"},{"@type":"Organization","@id":"https:\/\/academia02.overgenius.com\/en\/#organization","name":"OVERGENIUS","url":"https:\/\/academia02.overgenius.com\/en\/","logo":{"@type":"ImageObject","inLanguage":"en-US","@id":"https:\/\/academia02.overgenius.com\/en\/#\/schema\/logo\/image\/","url":"https:\/\/academia02.overgenius.com\/wp-content\/uploads\/2023\/10\/logotipo-overgeniusblanco7-03.png","contentUrl":"https:\/\/academia02.overgenius.com\/wp-content\/uploads\/2023\/10\/logotipo-overgeniusblanco7-03.png","width":2480,"height":876,"caption":"OVERGENIUS"},"image":{"@id":"https:\/\/academia02.overgenius.com\/en\/#\/schema\/logo\/image\/"}}]}},"_links":{"self":[{"href":"https:\/\/academia02.overgenius.com\/en\/wp-json\/wp\/v2\/product\/6661","targetHints":{"allow":["GET"]}}],"collection":[{"href":"https:\/\/academia02.overgenius.com\/en\/wp-json\/wp\/v2\/product"}],"about":[{"href":"https:\/\/academia02.overgenius.com\/en\/wp-json\/wp\/v2\/types\/product"}],"replies":[{"embeddable":true,"href":"https:\/\/academia02.overgenius.com\/en\/wp-json\/wp\/v2\/comments?post=6661"}],"wp:featuredmedia":[{"embeddable":true,"href":"https:\/\/academia02.overgenius.com\/en\/wp-json\/wp\/v2\/media\/9618"}],"wp:attachment":[{"href":"https:\/\/academia02.overgenius.com\/en\/wp-json\/wp\/v2\/media?parent=6661"}],"wp:term":[{"taxonomy":"product_brand","embeddable":true,"href":"https:\/\/academia02.overgenius.com\/en\/wp-json\/wp\/v2\/product_brand?post=6661"},{"taxonomy":"product_cat","embeddable":true,"href":"https:\/\/academia02.overgenius.com\/en\/wp-json\/wp\/v2\/product_cat?post=6661"},{"taxonomy":"product_tag","embeddable":true,"href":"https:\/\/academia02.overgenius.com\/en\/wp-json\/wp\/v2\/product_tag?post=6661"}],"curies":[{"name":"wp","href":"https:\/\/api.w.org\/{rel}","templated":true}]}}