{"id":6223,"date":"2024-01-28T02:25:06","date_gmt":"2024-01-28T02:25:06","guid":{"rendered":"https:\/\/academia02.overgenius.com\/?post_type=product&#038;p=6223"},"modified":"2026-01-25T23:57:38","modified_gmt":"2026-01-25T23:57:38","slug":"markethink-ardillas","status":"publish","type":"product","link":"https:\/\/academia02.overgenius.com\/en\/product\/markethink-ardillas\/","title":{"rendered":"MARKETHINK ARDILLAS"},"content":{"rendered":"<p>\ud83d\udc3f\ufe0f Nivel ARDILLAS \u2013 Aprende de los Fracasos e Inicia tu Imagen Gr\u00e1fica<\/p>\n<p>El <strong data-start=\"192\" data-end=\"210\">Nivel ARDILLAS<\/strong> de <strong data-start=\"214\" data-end=\"242\">MARKETHINK BY OVERGENIUS<\/strong> est\u00e1 dise\u00f1ado para quienes desean <strong data-start=\"277\" data-end=\"321\">transformar los errores en oportunidades<\/strong> y dar los primeros pasos en la construcci\u00f3n de una imagen gr\u00e1fica profesional. En este nivel, aprender\u00e1s a analizar fracasos estrat\u00e9gicos, corregir el rumbo y crear una identidad visual coherente y atractiva para tu marca.<\/p>","protected":false},"excerpt":{"rendered":"<p>En este nivel nos enfocamos en reconocer los bloqueos creativos que impiden encontrar soluciones u oportunidades de negocios, conocer el grupo objetivos de nuestro emprendimiento y el rol que quieras desempe\u00f1ar, as\u00ed como la producci\u00f3n responsable con el medio ambiente de productos y servicios.<\/p>\n<p>Cuando tienes los objetivos claros, puede que te tome tiempo, pero seguro lograr\u00e1s alcanzarlos con determinaci\u00f3n.<\/p>","protected":false},"featured_media":9614,"comment_status":"open","ping_status":"closed","template":"","meta":{"pmpro_default_level":""},"product_brand":[],"product_cat":[95,107],"product_tag":[],"class_list":{"0":"post-6223","1":"product","2":"type-product","3":"status-publish","4":"has-post-thumbnail","6":"product_cat-educacion","7":"product_cat-individual","8":"pmpro-has-access","10":"first","11":"instock","12":"virtual","13":"sold-individually","14":"purchasable","15":"product-type-simple"},"yoast_head":"<!-- This site is optimized with the Yoast SEO plugin v26.8 - https:\/\/yoast.com\/product\/yoast-seo-wordpress\/ -->\n<title>MARKETHINK ARDILLAS - ACADEMIA OVERGENIUS<\/title>\n<meta name=\"description\" content=\"En ARDILLAS aprender\u00e1s a analizar fracasos estrat\u00e9gicos, corregir el rumbo y crear una identidad visual coherente y atractiva para tu marca.\" \/>\n<meta name=\"robots\" content=\"index, follow, max-snippet:-1, max-image-preview:large, max-video-preview:-1\" \/>\n<link rel=\"canonical\" href=\"https:\/\/academia02.overgenius.com\/en\/product\/markethink-ardillas\/\" \/>\n<meta property=\"og:locale\" content=\"en_US\" \/>\n<meta property=\"og:type\" content=\"article\" \/>\n<meta property=\"og:title\" content=\"MARKETHINK ARDILLAS - ACADEMIA OVERGENIUS\" \/>\n<meta property=\"og:description\" content=\"En ARDILLAS aprender\u00e1s a analizar fracasos estrat\u00e9gicos, corregir el rumbo y crear una identidad visual coherente y atractiva para tu marca.\" \/>\n<meta property=\"og:url\" content=\"https:\/\/academia02.overgenius.com\/en\/product\/markethink-ardillas\/\" \/>\n<meta property=\"og:site_name\" content=\"ACADEMIA OVERGENIUS\" \/>\n<meta property=\"article:modified_time\" content=\"2026-01-25T23:57:38+00:00\" \/>\n<meta property=\"og:image\" content=\"https:\/\/academia02.overgenius.com\/wp-content\/uploads\/2024\/02\/ARDILLAS-ESPANOL.png\" \/>\n\t<meta property=\"og:image:width\" content=\"800\" \/>\n\t<meta property=\"og:image:height\" content=\"800\" \/>\n\t<meta property=\"og:image:type\" content=\"image\/png\" \/>\n<meta name=\"twitter:card\" content=\"summary_large_image\" \/>\n<meta name=\"twitter:label1\" content=\"Est. reading time\" \/>\n\t<meta name=\"twitter:data1\" content=\"1 minute\" \/>\n<script type=\"application\/ld+json\" class=\"yoast-schema-graph\">{\"@context\":\"https:\/\/schema.org\",\"@graph\":[{\"@type\":\"WebPage\",\"@id\":\"https:\/\/academia02.overgenius.com\/producto\/markethink-ardillas\/\",\"url\":\"https:\/\/academia02.overgenius.com\/producto\/markethink-ardillas\/\",\"name\":\"MARKETHINK ARDILLAS - ACADEMIA OVERGENIUS\",\"isPartOf\":{\"@id\":\"https:\/\/academia02.overgenius.com\/en\/#website\"},\"primaryImageOfPage\":{\"@id\":\"https:\/\/academia02.overgenius.com\/producto\/markethink-ardillas\/#primaryimage\"},\"image\":{\"@id\":\"https:\/\/academia02.overgenius.com\/producto\/markethink-ardillas\/#primaryimage\"},\"thumbnailUrl\":\"https:\/\/academia02.overgenius.com\/wp-content\/uploads\/2024\/02\/ARDILLAS-ESPANOL.png\",\"datePublished\":\"2024-01-28T02:25:06+00:00\",\"dateModified\":\"2026-01-25T23:57:38+00:00\",\"description\":\"En ARDILLAS aprender\u00e1s a analizar fracasos estrat\u00e9gicos, corregir el rumbo y crear una identidad visual coherente y atractiva para tu marca.\",\"breadcrumb\":{\"@id\":\"https:\/\/academia02.overgenius.com\/producto\/markethink-ardillas\/#breadcrumb\"},\"inLanguage\":\"en-US\",\"potentialAction\":[{\"@type\":\"ReadAction\",\"target\":[\"https:\/\/academia02.overgenius.com\/producto\/markethink-ardillas\/\"]}]},{\"@type\":\"ImageObject\",\"inLanguage\":\"en-US\",\"@id\":\"https:\/\/academia02.overgenius.com\/producto\/markethink-ardillas\/#primaryimage\",\"url\":\"https:\/\/academia02.overgenius.com\/wp-content\/uploads\/2024\/02\/ARDILLAS-ESPANOL.png\",\"contentUrl\":\"https:\/\/academia02.overgenius.com\/wp-content\/uploads\/2024\/02\/ARDILLAS-ESPANOL.png\",\"width\":800,\"height\":800},{\"@type\":\"BreadcrumbList\",\"@id\":\"https:\/\/academia02.overgenius.com\/producto\/markethink-ardillas\/#breadcrumb\",\"itemListElement\":[{\"@type\":\"ListItem\",\"position\":1,\"name\":\"Portada\",\"item\":\"https:\/\/academia02.overgenius.com\/\"},{\"@type\":\"ListItem\",\"position\":2,\"name\":\"Tienda\",\"item\":\"https:\/\/academia02.overgenius.com\/en\/tienda\/\"},{\"@type\":\"ListItem\",\"position\":3,\"name\":\"MARKETHINK ARDILLAS\"}]},{\"@type\":\"WebSite\",\"@id\":\"https:\/\/academia02.overgenius.com\/en\/#website\",\"url\":\"https:\/\/academia02.overgenius.com\/en\/\",\"name\":\"OVERGENIUS\",\"description\":\"Educaci\u00f3n a distancia\",\"publisher\":{\"@id\":\"https:\/\/academia02.overgenius.com\/en\/#organization\"},\"potentialAction\":[{\"@type\":\"SearchAction\",\"target\":{\"@type\":\"EntryPoint\",\"urlTemplate\":\"https:\/\/academia02.overgenius.com\/en\/?s={search_term_string}\"},\"query-input\":{\"@type\":\"PropertyValueSpecification\",\"valueRequired\":true,\"valueName\":\"search_term_string\"}}],\"inLanguage\":\"en-US\"},{\"@type\":\"Organization\",\"@id\":\"https:\/\/academia02.overgenius.com\/en\/#organization\",\"name\":\"OVERGENIUS\",\"url\":\"https:\/\/academia02.overgenius.com\/en\/\",\"logo\":{\"@type\":\"ImageObject\",\"inLanguage\":\"en-US\",\"@id\":\"https:\/\/academia02.overgenius.com\/en\/#\/schema\/logo\/image\/\",\"url\":\"https:\/\/academia02.overgenius.com\/wp-content\/uploads\/2023\/10\/logotipo-overgeniusblanco7-03.png\",\"contentUrl\":\"https:\/\/academia02.overgenius.com\/wp-content\/uploads\/2023\/10\/logotipo-overgeniusblanco7-03.png\",\"width\":2480,\"height\":876,\"caption\":\"OVERGENIUS\"},\"image\":{\"@id\":\"https:\/\/academia02.overgenius.com\/en\/#\/schema\/logo\/image\/\"}}]}<\/script>\n<!-- \/ Yoast SEO plugin. -->","yoast_head_json":{"title":"MARKETHINK ARDILLAS - ACADEMIA OVERGENIUS","description":"En ARDILLAS aprender\u00e1s a analizar fracasos estrat\u00e9gicos, corregir el rumbo y crear una identidad visual coherente y atractiva para tu marca.","robots":{"index":"index","follow":"follow","max-snippet":"max-snippet:-1","max-image-preview":"max-image-preview:large","max-video-preview":"max-video-preview:-1"},"canonical":"https:\/\/academia02.overgenius.com\/en\/product\/markethink-ardillas\/","og_locale":"en_US","og_type":"article","og_title":"MARKETHINK ARDILLAS - ACADEMIA OVERGENIUS","og_description":"En ARDILLAS aprender\u00e1s a analizar fracasos estrat\u00e9gicos, corregir el rumbo y crear una identidad visual coherente y atractiva para tu marca.","og_url":"https:\/\/academia02.overgenius.com\/en\/product\/markethink-ardillas\/","og_site_name":"ACADEMIA OVERGENIUS","article_modified_time":"2026-01-25T23:57:38+00:00","og_image":[{"width":800,"height":800,"url":"https:\/\/academia02.overgenius.com\/wp-content\/uploads\/2024\/02\/ARDILLAS-ESPANOL.png","type":"image\/png"}],"twitter_card":"summary_large_image","twitter_misc":{"Est. reading time":"1 minute"},"schema":{"@context":"https:\/\/schema.org","@graph":[{"@type":"WebPage","@id":"https:\/\/academia02.overgenius.com\/producto\/markethink-ardillas\/","url":"https:\/\/academia02.overgenius.com\/producto\/markethink-ardillas\/","name":"MARKETHINK ARDILLAS - ACADEMIA OVERGENIUS","isPartOf":{"@id":"https:\/\/academia02.overgenius.com\/en\/#website"},"primaryImageOfPage":{"@id":"https:\/\/academia02.overgenius.com\/producto\/markethink-ardillas\/#primaryimage"},"image":{"@id":"https:\/\/academia02.overgenius.com\/producto\/markethink-ardillas\/#primaryimage"},"thumbnailUrl":"https:\/\/academia02.overgenius.com\/wp-content\/uploads\/2024\/02\/ARDILLAS-ESPANOL.png","datePublished":"2024-01-28T02:25:06+00:00","dateModified":"2026-01-25T23:57:38+00:00","description":"En ARDILLAS aprender\u00e1s a analizar fracasos estrat\u00e9gicos, corregir el rumbo y crear una identidad visual coherente y atractiva para tu marca.","breadcrumb":{"@id":"https:\/\/academia02.overgenius.com\/producto\/markethink-ardillas\/#breadcrumb"},"inLanguage":"en-US","potentialAction":[{"@type":"ReadAction","target":["https:\/\/academia02.overgenius.com\/producto\/markethink-ardillas\/"]}]},{"@type":"ImageObject","inLanguage":"en-US","@id":"https:\/\/academia02.overgenius.com\/producto\/markethink-ardillas\/#primaryimage","url":"https:\/\/academia02.overgenius.com\/wp-content\/uploads\/2024\/02\/ARDILLAS-ESPANOL.png","contentUrl":"https:\/\/academia02.overgenius.com\/wp-content\/uploads\/2024\/02\/ARDILLAS-ESPANOL.png","width":800,"height":800},{"@type":"BreadcrumbList","@id":"https:\/\/academia02.overgenius.com\/producto\/markethink-ardillas\/#breadcrumb","itemListElement":[{"@type":"ListItem","position":1,"name":"Portada","item":"https:\/\/academia02.overgenius.com\/"},{"@type":"ListItem","position":2,"name":"Tienda","item":"https:\/\/academia02.overgenius.com\/en\/tienda\/"},{"@type":"ListItem","position":3,"name":"MARKETHINK ARDILLAS"}]},{"@type":"WebSite","@id":"https:\/\/academia02.overgenius.com\/en\/#website","url":"https:\/\/academia02.overgenius.com\/en\/","name":"OVERGENIUS","description":"Educaci\u00f3n a distancia","publisher":{"@id":"https:\/\/academia02.overgenius.com\/en\/#organization"},"potentialAction":[{"@type":"SearchAction","target":{"@type":"EntryPoint","urlTemplate":"https:\/\/academia02.overgenius.com\/en\/?s={search_term_string}"},"query-input":{"@type":"PropertyValueSpecification","valueRequired":true,"valueName":"search_term_string"}}],"inLanguage":"en-US"},{"@type":"Organization","@id":"https:\/\/academia02.overgenius.com\/en\/#organization","name":"OVERGENIUS","url":"https:\/\/academia02.overgenius.com\/en\/","logo":{"@type":"ImageObject","inLanguage":"en-US","@id":"https:\/\/academia02.overgenius.com\/en\/#\/schema\/logo\/image\/","url":"https:\/\/academia02.overgenius.com\/wp-content\/uploads\/2023\/10\/logotipo-overgeniusblanco7-03.png","contentUrl":"https:\/\/academia02.overgenius.com\/wp-content\/uploads\/2023\/10\/logotipo-overgeniusblanco7-03.png","width":2480,"height":876,"caption":"OVERGENIUS"},"image":{"@id":"https:\/\/academia02.overgenius.com\/en\/#\/schema\/logo\/image\/"}}]}},"_links":{"self":[{"href":"https:\/\/academia02.overgenius.com\/en\/wp-json\/wp\/v2\/product\/6223","targetHints":{"allow":["GET"]}}],"collection":[{"href":"https:\/\/academia02.overgenius.com\/en\/wp-json\/wp\/v2\/product"}],"about":[{"href":"https:\/\/academia02.overgenius.com\/en\/wp-json\/wp\/v2\/types\/product"}],"replies":[{"embeddable":true,"href":"https:\/\/academia02.overgenius.com\/en\/wp-json\/wp\/v2\/comments?post=6223"}],"wp:featuredmedia":[{"embeddable":true,"href":"https:\/\/academia02.overgenius.com\/en\/wp-json\/wp\/v2\/media\/9614"}],"wp:attachment":[{"href":"https:\/\/academia02.overgenius.com\/en\/wp-json\/wp\/v2\/media?parent=6223"}],"wp:term":[{"taxonomy":"product_brand","embeddable":true,"href":"https:\/\/academia02.overgenius.com\/en\/wp-json\/wp\/v2\/product_brand?post=6223"},{"taxonomy":"product_cat","embeddable":true,"href":"https:\/\/academia02.overgenius.com\/en\/wp-json\/wp\/v2\/product_cat?post=6223"},{"taxonomy":"product_tag","embeddable":true,"href":"https:\/\/academia02.overgenius.com\/en\/wp-json\/wp\/v2\/product_tag?post=6223"}],"curies":[{"name":"wp","href":"https:\/\/api.w.org\/{rel}","templated":true}]}}