{"id":4630,"date":"2023-11-24T19:00:06","date_gmt":"2023-11-24T19:00:06","guid":{"rendered":"https:\/\/academia02.overgenius.com\/?post_type=product&#038;p=4630"},"modified":"2025-02-01T00:08:27","modified_gmt":"2025-02-01T00:08:27","slug":"curso-basico-lengua-de-senas-de-guatemala-lensegua","status":"publish","type":"product","link":"https:\/\/academia02.overgenius.com\/en\/product\/curso-basico-lengua-de-senas-de-guatemala-lensegua\/","title":{"rendered":"LENGUA DE SE\u00d1AS DE GUATEMALA &#8211; LENSEGUA"},"content":{"rendered":"<p>En este curso aprender\u00e1s el vocabulario b\u00e1sico de Lengua de Se\u00f1as de Guatemala, nivel inicial de nuestro programa Actitud Inclusiva OVERGENIUS En Se\u00f1as.<\/p>\n<p>\u00a140 temas para estudiar a tu ritmo!<\/p>\n<ol>\n<li>ABECEDARIO<\/li>\n<li>N\u00daMEROS<\/li>\n<li>COLORES<\/li>\n<li>PRONOMBRES PERSONALES Y FAMILIA<\/li>\n<li>ANIMALES<\/li>\n<li>D\u00cdAS DE LA SEMANA Y MESES DEL A\u00d1O<\/li>\n<li>TIEMPO<\/li>\n<li>EMOCIONES Y SENTIMIENTOS<\/li>\n<li>VERBOS 1<\/li>\n<li>VERBOS 2<\/li>\n<li>OPUESTOS<\/li>\n<li>S\u00cdMBOLOS PATRIOS<\/li>\n<li>COMIDA T\u00cdPICA<\/li>\n<li>COSTUMBRES Y TRADICIONES<\/li>\n<li>PROFESIONES<\/li>\n<li>INTERROGANTES<\/li>\n<li>FRUTAS<\/li>\n<li>VERDURAS<\/li>\n<li>VOCABULARIO NAVIDE\u00d1O<\/li>\n<li>DENOMINACIONES MONETARIAS<\/li>\n<li>DEPARTAMENTOS DE GUATEMALA<\/li>\n<li>\u00daTILES ESCOLARES<\/li>\n<li>DEPORTES<\/li>\n<li>LUGARES<\/li>\n<li>PARTES DE LA CASA<\/li>\n<li>BOTIQU\u00cdN DE EMERGENCIA<\/li>\n<li>ROPA DE MUJER Y HOMBRE<\/li>\n<li>RELIGI\u00d3N<\/li>\n<li>MEDIOS DE TRANSPORTE<\/li>\n<li>PRONOMBRES 2<\/li>\n<li>PA\u00cdSES DE AM\u00c9RICA<\/li>\n<li>CUENTO POLLITO<\/li>\n<li>CUENTO CEBRA<\/li>\n<li>CUENTO PERRITO<\/li>\n<li>JURA A LA BANDERA<\/li>\n<li>FRASES DE CORTES\u00cdA<\/li>\n<li>CANCI\u00d3N BURRITO SABANERO<\/li>\n<li>D\u00cdA DEL AMOR Y LA AMISTAD<\/li>\n<li>\u00bfC\u00d3MO EST\u00c1S?<\/li>\n<li>T\u00c9RMINOS CORRECTOS<\/li>\n<li>REDES SOCIALES<\/li>\n<\/ol>\n<p>&nbsp;<\/p>","protected":false},"excerpt":{"rendered":"<p>En este curso aprender\u00e1s el vocabulario b\u00e1sico de Lengua de Se\u00f1as de Guatemala, nivel inicial de nuestro programa Actitud Inclusiva OVERGENIUS En Se\u00f1as.<\/p>\n<p>\u00a140 temas para estudiar a tu ritmo!<\/p>","protected":false},"featured_media":4771,"comment_status":"open","ping_status":"closed","template":"","meta":{"pmpro_default_level":""},"product_brand":[],"product_cat":[95,94,107],"product_tag":[],"class_list":{"0":"post-4630","1":"product","2":"type-product","3":"status-publish","4":"has-post-thumbnail","6":"product_cat-educacion","7":"product_cat-inclusion","8":"product_cat-individual","9":"pmpro-has-access","11":"first","12":"instock","13":"virtual","14":"sold-individually","15":"purchasable","16":"product-type-simple"},"yoast_head":"<!-- This site is optimized with the Yoast SEO plugin v26.8 - https:\/\/yoast.com\/product\/yoast-seo-wordpress\/ -->\n<title>LENGUA DE SE\u00d1AS DE GUATEMALA - LENSEGUA - ACADEMIA OVERGENIUS<\/title>\n<meta name=\"robots\" content=\"index, follow, max-snippet:-1, max-image-preview:large, max-video-preview:-1\" \/>\n<link rel=\"canonical\" href=\"https:\/\/academia02.overgenius.com\/en\/product\/curso-basico-lengua-de-senas-de-guatemala-lensegua\/\" \/>\n<meta property=\"og:locale\" content=\"en_US\" \/>\n<meta property=\"og:type\" content=\"article\" \/>\n<meta property=\"og:title\" content=\"LENGUA DE SE\u00d1AS DE GUATEMALA - LENSEGUA - ACADEMIA OVERGENIUS\" \/>\n<meta property=\"og:description\" content=\"En este curso aprender\u00e1s el vocabulario b\u00e1sico de Lengua de Se\u00f1as de Guatemala, nivel inicial de nuestro programa Actitud Inclusiva OVERGENIUS En Se\u00f1as.  \u00a140 temas para estudiar a tu ritmo!\" \/>\n<meta property=\"og:url\" content=\"https:\/\/academia02.overgenius.com\/en\/product\/curso-basico-lengua-de-senas-de-guatemala-lensegua\/\" \/>\n<meta property=\"og:site_name\" content=\"ACADEMIA OVERGENIUS\" \/>\n<meta property=\"article:modified_time\" content=\"2025-02-01T00:08:27+00:00\" \/>\n<meta property=\"og:image\" content=\"https:\/\/academia02.overgenius.com\/wp-content\/uploads\/2023\/07\/anuncio-lenguade-senas-min-1.jpg\" \/>\n\t<meta property=\"og:image:width\" content=\"800\" \/>\n\t<meta property=\"og:image:height\" content=\"800\" \/>\n\t<meta property=\"og:image:type\" content=\"image\/jpeg\" \/>\n<meta name=\"twitter:card\" content=\"summary_large_image\" \/>\n<meta name=\"twitter:label1\" content=\"Est. reading time\" \/>\n\t<meta name=\"twitter:data1\" content=\"1 minute\" \/>\n<script type=\"application\/ld+json\" class=\"yoast-schema-graph\">{\"@context\":\"https:\/\/schema.org\",\"@graph\":[{\"@type\":\"WebPage\",\"@id\":\"https:\/\/academia02.overgenius.com\/producto\/curso-basico-lengua-de-senas-de-guatemala-lensegua\/\",\"url\":\"https:\/\/academia02.overgenius.com\/producto\/curso-basico-lengua-de-senas-de-guatemala-lensegua\/\",\"name\":\"LENGUA DE SE\u00d1AS DE GUATEMALA - LENSEGUA - ACADEMIA OVERGENIUS\",\"isPartOf\":{\"@id\":\"https:\/\/academia02.overgenius.com\/en\/#website\"},\"primaryImageOfPage\":{\"@id\":\"https:\/\/academia02.overgenius.com\/producto\/curso-basico-lengua-de-senas-de-guatemala-lensegua\/#primaryimage\"},\"image\":{\"@id\":\"https:\/\/academia02.overgenius.com\/producto\/curso-basico-lengua-de-senas-de-guatemala-lensegua\/#primaryimage\"},\"thumbnailUrl\":\"https:\/\/academia02.overgenius.com\/wp-content\/uploads\/2023\/07\/anuncio-lenguade-senas-min-1.jpg\",\"datePublished\":\"2023-11-24T19:00:06+00:00\",\"dateModified\":\"2025-02-01T00:08:27+00:00\",\"breadcrumb\":{\"@id\":\"https:\/\/academia02.overgenius.com\/producto\/curso-basico-lengua-de-senas-de-guatemala-lensegua\/#breadcrumb\"},\"inLanguage\":\"en-US\",\"potentialAction\":[{\"@type\":\"ReadAction\",\"target\":[\"https:\/\/academia02.overgenius.com\/producto\/curso-basico-lengua-de-senas-de-guatemala-lensegua\/\"]}]},{\"@type\":\"ImageObject\",\"inLanguage\":\"en-US\",\"@id\":\"https:\/\/academia02.overgenius.com\/producto\/curso-basico-lengua-de-senas-de-guatemala-lensegua\/#primaryimage\",\"url\":\"https:\/\/academia02.overgenius.com\/wp-content\/uploads\/2023\/07\/anuncio-lenguade-senas-min-1.jpg\",\"contentUrl\":\"https:\/\/academia02.overgenius.com\/wp-content\/uploads\/2023\/07\/anuncio-lenguade-senas-min-1.jpg\",\"width\":800,\"height\":800},{\"@type\":\"BreadcrumbList\",\"@id\":\"https:\/\/academia02.overgenius.com\/producto\/curso-basico-lengua-de-senas-de-guatemala-lensegua\/#breadcrumb\",\"itemListElement\":[{\"@type\":\"ListItem\",\"position\":1,\"name\":\"Portada\",\"item\":\"https:\/\/academia02.overgenius.com\/\"},{\"@type\":\"ListItem\",\"position\":2,\"name\":\"Tienda\",\"item\":\"https:\/\/academia02.overgenius.com\/en\/tienda\/\"},{\"@type\":\"ListItem\",\"position\":3,\"name\":\"LENGUA DE SE\u00d1AS DE GUATEMALA &#8211; LENSEGUA\"}]},{\"@type\":\"WebSite\",\"@id\":\"https:\/\/academia02.overgenius.com\/en\/#website\",\"url\":\"https:\/\/academia02.overgenius.com\/en\/\",\"name\":\"OVERGENIUS\",\"description\":\"Educaci\u00f3n a distancia\",\"publisher\":{\"@id\":\"https:\/\/academia02.overgenius.com\/en\/#organization\"},\"potentialAction\":[{\"@type\":\"SearchAction\",\"target\":{\"@type\":\"EntryPoint\",\"urlTemplate\":\"https:\/\/academia02.overgenius.com\/en\/?s={search_term_string}\"},\"query-input\":{\"@type\":\"PropertyValueSpecification\",\"valueRequired\":true,\"valueName\":\"search_term_string\"}}],\"inLanguage\":\"en-US\"},{\"@type\":\"Organization\",\"@id\":\"https:\/\/academia02.overgenius.com\/en\/#organization\",\"name\":\"OVERGENIUS\",\"url\":\"https:\/\/academia02.overgenius.com\/en\/\",\"logo\":{\"@type\":\"ImageObject\",\"inLanguage\":\"en-US\",\"@id\":\"https:\/\/academia02.overgenius.com\/en\/#\/schema\/logo\/image\/\",\"url\":\"https:\/\/academia02.overgenius.com\/wp-content\/uploads\/2023\/10\/logotipo-overgeniusblanco7-03.png\",\"contentUrl\":\"https:\/\/academia02.overgenius.com\/wp-content\/uploads\/2023\/10\/logotipo-overgeniusblanco7-03.png\",\"width\":2480,\"height\":876,\"caption\":\"OVERGENIUS\"},\"image\":{\"@id\":\"https:\/\/academia02.overgenius.com\/en\/#\/schema\/logo\/image\/\"}}]}<\/script>\n<!-- \/ Yoast SEO plugin. -->","yoast_head_json":{"title":"LENGUA DE SE\u00d1AS DE GUATEMALA - LENSEGUA - ACADEMIA OVERGENIUS","robots":{"index":"index","follow":"follow","max-snippet":"max-snippet:-1","max-image-preview":"max-image-preview:large","max-video-preview":"max-video-preview:-1"},"canonical":"https:\/\/academia02.overgenius.com\/en\/product\/curso-basico-lengua-de-senas-de-guatemala-lensegua\/","og_locale":"en_US","og_type":"article","og_title":"LENGUA DE SE\u00d1AS DE GUATEMALA - LENSEGUA - ACADEMIA OVERGENIUS","og_description":"En este curso aprender\u00e1s el vocabulario b\u00e1sico de Lengua de Se\u00f1as de Guatemala, nivel inicial de nuestro programa Actitud Inclusiva OVERGENIUS En Se\u00f1as.  \u00a140 temas para estudiar a tu ritmo!","og_url":"https:\/\/academia02.overgenius.com\/en\/product\/curso-basico-lengua-de-senas-de-guatemala-lensegua\/","og_site_name":"ACADEMIA OVERGENIUS","article_modified_time":"2025-02-01T00:08:27+00:00","og_image":[{"width":800,"height":800,"url":"https:\/\/academia02.overgenius.com\/wp-content\/uploads\/2023\/07\/anuncio-lenguade-senas-min-1.jpg","type":"image\/jpeg"}],"twitter_card":"summary_large_image","twitter_misc":{"Est. reading time":"1 minute"},"schema":{"@context":"https:\/\/schema.org","@graph":[{"@type":"WebPage","@id":"https:\/\/academia02.overgenius.com\/producto\/curso-basico-lengua-de-senas-de-guatemala-lensegua\/","url":"https:\/\/academia02.overgenius.com\/producto\/curso-basico-lengua-de-senas-de-guatemala-lensegua\/","name":"LENGUA DE SE\u00d1AS DE GUATEMALA - LENSEGUA - ACADEMIA OVERGENIUS","isPartOf":{"@id":"https:\/\/academia02.overgenius.com\/en\/#website"},"primaryImageOfPage":{"@id":"https:\/\/academia02.overgenius.com\/producto\/curso-basico-lengua-de-senas-de-guatemala-lensegua\/#primaryimage"},"image":{"@id":"https:\/\/academia02.overgenius.com\/producto\/curso-basico-lengua-de-senas-de-guatemala-lensegua\/#primaryimage"},"thumbnailUrl":"https:\/\/academia02.overgenius.com\/wp-content\/uploads\/2023\/07\/anuncio-lenguade-senas-min-1.jpg","datePublished":"2023-11-24T19:00:06+00:00","dateModified":"2025-02-01T00:08:27+00:00","breadcrumb":{"@id":"https:\/\/academia02.overgenius.com\/producto\/curso-basico-lengua-de-senas-de-guatemala-lensegua\/#breadcrumb"},"inLanguage":"en-US","potentialAction":[{"@type":"ReadAction","target":["https:\/\/academia02.overgenius.com\/producto\/curso-basico-lengua-de-senas-de-guatemala-lensegua\/"]}]},{"@type":"ImageObject","inLanguage":"en-US","@id":"https:\/\/academia02.overgenius.com\/producto\/curso-basico-lengua-de-senas-de-guatemala-lensegua\/#primaryimage","url":"https:\/\/academia02.overgenius.com\/wp-content\/uploads\/2023\/07\/anuncio-lenguade-senas-min-1.jpg","contentUrl":"https:\/\/academia02.overgenius.com\/wp-content\/uploads\/2023\/07\/anuncio-lenguade-senas-min-1.jpg","width":800,"height":800},{"@type":"BreadcrumbList","@id":"https:\/\/academia02.overgenius.com\/producto\/curso-basico-lengua-de-senas-de-guatemala-lensegua\/#breadcrumb","itemListElement":[{"@type":"ListItem","position":1,"name":"Portada","item":"https:\/\/academia02.overgenius.com\/"},{"@type":"ListItem","position":2,"name":"Tienda","item":"https:\/\/academia02.overgenius.com\/en\/tienda\/"},{"@type":"ListItem","position":3,"name":"LENGUA DE SE\u00d1AS DE GUATEMALA &#8211; LENSEGUA"}]},{"@type":"WebSite","@id":"https:\/\/academia02.overgenius.com\/en\/#website","url":"https:\/\/academia02.overgenius.com\/en\/","name":"OVERGENIUS","description":"Educaci\u00f3n a distancia","publisher":{"@id":"https:\/\/academia02.overgenius.com\/en\/#organization"},"potentialAction":[{"@type":"SearchAction","target":{"@type":"EntryPoint","urlTemplate":"https:\/\/academia02.overgenius.com\/en\/?s={search_term_string}"},"query-input":{"@type":"PropertyValueSpecification","valueRequired":true,"valueName":"search_term_string"}}],"inLanguage":"en-US"},{"@type":"Organization","@id":"https:\/\/academia02.overgenius.com\/en\/#organization","name":"OVERGENIUS","url":"https:\/\/academia02.overgenius.com\/en\/","logo":{"@type":"ImageObject","inLanguage":"en-US","@id":"https:\/\/academia02.overgenius.com\/en\/#\/schema\/logo\/image\/","url":"https:\/\/academia02.overgenius.com\/wp-content\/uploads\/2023\/10\/logotipo-overgeniusblanco7-03.png","contentUrl":"https:\/\/academia02.overgenius.com\/wp-content\/uploads\/2023\/10\/logotipo-overgeniusblanco7-03.png","width":2480,"height":876,"caption":"OVERGENIUS"},"image":{"@id":"https:\/\/academia02.overgenius.com\/en\/#\/schema\/logo\/image\/"}}]}},"_links":{"self":[{"href":"https:\/\/academia02.overgenius.com\/en\/wp-json\/wp\/v2\/product\/4630","targetHints":{"allow":["GET"]}}],"collection":[{"href":"https:\/\/academia02.overgenius.com\/en\/wp-json\/wp\/v2\/product"}],"about":[{"href":"https:\/\/academia02.overgenius.com\/en\/wp-json\/wp\/v2\/types\/product"}],"replies":[{"embeddable":true,"href":"https:\/\/academia02.overgenius.com\/en\/wp-json\/wp\/v2\/comments?post=4630"}],"wp:featuredmedia":[{"embeddable":true,"href":"https:\/\/academia02.overgenius.com\/en\/wp-json\/wp\/v2\/media\/4771"}],"wp:attachment":[{"href":"https:\/\/academia02.overgenius.com\/en\/wp-json\/wp\/v2\/media?parent=4630"}],"wp:term":[{"taxonomy":"product_brand","embeddable":true,"href":"https:\/\/academia02.overgenius.com\/en\/wp-json\/wp\/v2\/product_brand?post=4630"},{"taxonomy":"product_cat","embeddable":true,"href":"https:\/\/academia02.overgenius.com\/en\/wp-json\/wp\/v2\/product_cat?post=4630"},{"taxonomy":"product_tag","embeddable":true,"href":"https:\/\/academia02.overgenius.com\/en\/wp-json\/wp\/v2\/product_tag?post=4630"}],"curies":[{"name":"wp","href":"https:\/\/api.w.org\/{rel}","templated":true}]}}