{"id":307,"date":"2023-09-21T01:41:20","date_gmt":"2023-09-21T01:41:20","guid":{"rendered":"https:\/\/academia02.overgenius.com\/?post_type=product&#038;p=307"},"modified":"2026-01-26T01:16:12","modified_gmt":"2026-01-26T01:16:12","slug":"markethink-pandas-espanol","status":"publish","type":"product","link":"https:\/\/academia02.overgenius.com\/en\/product\/markethink-pandas-espanol\/","title":{"rendered":"MARKETHINK PANDAS SPANISH"},"content":{"rendered":"<h1 data-start=\"115\" data-end=\"186\"><strong data-start=\"117\" data-end=\"184\">\ud83d\udc3c Primer m\u00f3dulo: PANDAS \u2013 Fundamentos del Marketing Estrat\u00e9gico<\/strong><\/h1>\n<p data-start=\"188\" data-end=\"547\">El nivel <strong data-start=\"197\" data-end=\"207\">PANDAS<\/strong> es la puerta de entrada al mundo del marketing estrat\u00e9gico dentro de <strong data-start=\"277\" data-end=\"305\">MARKETHINK BY OVERGENIUS<\/strong>. Dise\u00f1ado para emprendedores, estudiantes, profesionales y empresas que buscan <strong data-start=\"372\" data-end=\"444\">comprender las bases del marketing y construir una estrategia s\u00f3lida<\/strong>, este m\u00f3dulo introduce conceptos esenciales y herramientas clave para el \u00e9xito en el mercado actual.<\/p>","protected":false},"excerpt":{"rendered":"<p>En este nivel nos enfocamos en visualizar y colocar metas a corto y mediano plazo, crear un plan de negocios y la misi\u00f3n, visi\u00f3n y valores de tu futura empresa.<\/p>\n<p>Todo negocio empieza por aprender a valorar una idea, el equipo de trabajo, el entorno en el que te encuentras y la motivaci\u00f3n con la que inicies tu aventura.<\/p>","protected":false},"featured_media":9616,"comment_status":"open","ping_status":"closed","template":"","meta":{"pmpro_default_level":""},"product_brand":[],"product_cat":[95,107],"product_tag":[],"class_list":{"0":"post-307","1":"product","2":"type-product","3":"status-publish","4":"has-post-thumbnail","6":"product_cat-educacion","7":"product_cat-individual","8":"pmpro-has-access","10":"first","11":"instock","12":"virtual","13":"sold-individually","14":"purchasable","15":"product-type-simple"},"yoast_head":"<!-- This site is optimized with the Yoast SEO plugin v26.8 - https:\/\/yoast.com\/product\/yoast-seo-wordpress\/ -->\n<title>MARKETHINK PANDAS ESPA\u00d1OL - ACADEMIA OVERGENIUS<\/title>\n<meta name=\"description\" content=\"Fundamentos del Marketing Estrat\u00e9gico para que analices qu\u00e9 es lo que deseas lograr y c\u00f3mo establecer metas para realizarlo. Amar\u00e1s descubrirte a ti mism@\" \/>\n<meta name=\"robots\" content=\"index, follow, max-snippet:-1, max-image-preview:large, max-video-preview:-1\" \/>\n<link rel=\"canonical\" href=\"https:\/\/academia02.overgenius.com\/en\/product\/markethink-pandas-espanol\/\" \/>\n<meta property=\"og:locale\" content=\"en_US\" \/>\n<meta property=\"og:type\" content=\"article\" \/>\n<meta property=\"og:title\" content=\"MARKETHINK PANDAS ESPA\u00d1OL - ACADEMIA OVERGENIUS\" \/>\n<meta property=\"og:description\" content=\"Fundamentos del Marketing Estrat\u00e9gico para que analices qu\u00e9 es lo que deseas lograr y c\u00f3mo establecer metas para realizarlo. Amar\u00e1s descubrirte a ti mism@\" \/>\n<meta property=\"og:url\" content=\"https:\/\/academia02.overgenius.com\/en\/product\/markethink-pandas-espanol\/\" \/>\n<meta property=\"og:site_name\" content=\"ACADEMIA OVERGENIUS\" \/>\n<meta property=\"article:modified_time\" content=\"2026-01-26T01:16:12+00:00\" \/>\n<meta property=\"og:image\" content=\"https:\/\/academia02.overgenius.com\/wp-content\/uploads\/2024\/02\/PANDAS-ESPANOL.png\" \/>\n\t<meta property=\"og:image:width\" content=\"800\" \/>\n\t<meta property=\"og:image:height\" content=\"800\" \/>\n\t<meta property=\"og:image:type\" content=\"image\/png\" \/>\n<meta name=\"twitter:card\" content=\"summary_large_image\" \/>\n<meta name=\"twitter:label1\" content=\"Est. reading time\" \/>\n\t<meta name=\"twitter:data1\" content=\"1 minute\" \/>\n<script type=\"application\/ld+json\" class=\"yoast-schema-graph\">{\"@context\":\"https:\/\/schema.org\",\"@graph\":[{\"@type\":\"WebPage\",\"@id\":\"https:\/\/academia02.overgenius.com\/producto\/markethink-pandas-espanol\/\",\"url\":\"https:\/\/academia02.overgenius.com\/producto\/markethink-pandas-espanol\/\",\"name\":\"MARKETHINK PANDAS ESPA\u00d1OL - ACADEMIA OVERGENIUS\",\"isPartOf\":{\"@id\":\"https:\/\/academia02.overgenius.com\/en\/#website\"},\"primaryImageOfPage\":{\"@id\":\"https:\/\/academia02.overgenius.com\/producto\/markethink-pandas-espanol\/#primaryimage\"},\"image\":{\"@id\":\"https:\/\/academia02.overgenius.com\/producto\/markethink-pandas-espanol\/#primaryimage\"},\"thumbnailUrl\":\"https:\/\/academia02.overgenius.com\/wp-content\/uploads\/2024\/02\/PANDAS-ESPANOL.png\",\"datePublished\":\"2023-09-21T01:41:20+00:00\",\"dateModified\":\"2026-01-26T01:16:12+00:00\",\"description\":\"Fundamentos del Marketing Estrat\u00e9gico para que analices qu\u00e9 es lo que deseas lograr y c\u00f3mo establecer metas para realizarlo. Amar\u00e1s descubrirte a ti mism@\",\"breadcrumb\":{\"@id\":\"https:\/\/academia02.overgenius.com\/producto\/markethink-pandas-espanol\/#breadcrumb\"},\"inLanguage\":\"en-US\",\"potentialAction\":[{\"@type\":\"ReadAction\",\"target\":[\"https:\/\/academia02.overgenius.com\/producto\/markethink-pandas-espanol\/\"]}]},{\"@type\":\"ImageObject\",\"inLanguage\":\"en-US\",\"@id\":\"https:\/\/academia02.overgenius.com\/producto\/markethink-pandas-espanol\/#primaryimage\",\"url\":\"https:\/\/academia02.overgenius.com\/wp-content\/uploads\/2024\/02\/PANDAS-ESPANOL.png\",\"contentUrl\":\"https:\/\/academia02.overgenius.com\/wp-content\/uploads\/2024\/02\/PANDAS-ESPANOL.png\",\"width\":800,\"height\":800},{\"@type\":\"BreadcrumbList\",\"@id\":\"https:\/\/academia02.overgenius.com\/producto\/markethink-pandas-espanol\/#breadcrumb\",\"itemListElement\":[{\"@type\":\"ListItem\",\"position\":1,\"name\":\"Portada\",\"item\":\"https:\/\/academia02.overgenius.com\/\"},{\"@type\":\"ListItem\",\"position\":2,\"name\":\"Tienda\",\"item\":\"https:\/\/academia02.overgenius.com\/en\/tienda\/\"},{\"@type\":\"ListItem\",\"position\":3,\"name\":\"MARKETHINK PANDAS ESPA\u00d1OL\"}]},{\"@type\":\"WebSite\",\"@id\":\"https:\/\/academia02.overgenius.com\/en\/#website\",\"url\":\"https:\/\/academia02.overgenius.com\/en\/\",\"name\":\"OVERGENIUS\",\"description\":\"Educaci\u00f3n a distancia\",\"publisher\":{\"@id\":\"https:\/\/academia02.overgenius.com\/en\/#organization\"},\"potentialAction\":[{\"@type\":\"SearchAction\",\"target\":{\"@type\":\"EntryPoint\",\"urlTemplate\":\"https:\/\/academia02.overgenius.com\/en\/?s={search_term_string}\"},\"query-input\":{\"@type\":\"PropertyValueSpecification\",\"valueRequired\":true,\"valueName\":\"search_term_string\"}}],\"inLanguage\":\"en-US\"},{\"@type\":\"Organization\",\"@id\":\"https:\/\/academia02.overgenius.com\/en\/#organization\",\"name\":\"OVERGENIUS\",\"url\":\"https:\/\/academia02.overgenius.com\/en\/\",\"logo\":{\"@type\":\"ImageObject\",\"inLanguage\":\"en-US\",\"@id\":\"https:\/\/academia02.overgenius.com\/en\/#\/schema\/logo\/image\/\",\"url\":\"https:\/\/academia02.overgenius.com\/wp-content\/uploads\/2023\/10\/logotipo-overgeniusblanco7-03.png\",\"contentUrl\":\"https:\/\/academia02.overgenius.com\/wp-content\/uploads\/2023\/10\/logotipo-overgeniusblanco7-03.png\",\"width\":2480,\"height\":876,\"caption\":\"OVERGENIUS\"},\"image\":{\"@id\":\"https:\/\/academia02.overgenius.com\/en\/#\/schema\/logo\/image\/\"}}]}<\/script>\n<!-- \/ Yoast SEO plugin. -->","yoast_head_json":{"title":"MARKETHINK PANDAS ESPA\u00d1OL - ACADEMIA OVERGENIUS","description":"Fundamentos del Marketing Estrat\u00e9gico para que analices qu\u00e9 es lo que deseas lograr y c\u00f3mo establecer metas para realizarlo. Amar\u00e1s descubrirte a ti mism@","robots":{"index":"index","follow":"follow","max-snippet":"max-snippet:-1","max-image-preview":"max-image-preview:large","max-video-preview":"max-video-preview:-1"},"canonical":"https:\/\/academia02.overgenius.com\/en\/product\/markethink-pandas-espanol\/","og_locale":"en_US","og_type":"article","og_title":"MARKETHINK PANDAS ESPA\u00d1OL - ACADEMIA OVERGENIUS","og_description":"Fundamentos del Marketing Estrat\u00e9gico para que analices qu\u00e9 es lo que deseas lograr y c\u00f3mo establecer metas para realizarlo. Amar\u00e1s descubrirte a ti mism@","og_url":"https:\/\/academia02.overgenius.com\/en\/product\/markethink-pandas-espanol\/","og_site_name":"ACADEMIA OVERGENIUS","article_modified_time":"2026-01-26T01:16:12+00:00","og_image":[{"width":800,"height":800,"url":"https:\/\/academia02.overgenius.com\/wp-content\/uploads\/2024\/02\/PANDAS-ESPANOL.png","type":"image\/png"}],"twitter_card":"summary_large_image","twitter_misc":{"Est. reading time":"1 minute"},"schema":{"@context":"https:\/\/schema.org","@graph":[{"@type":"WebPage","@id":"https:\/\/academia02.overgenius.com\/producto\/markethink-pandas-espanol\/","url":"https:\/\/academia02.overgenius.com\/producto\/markethink-pandas-espanol\/","name":"MARKETHINK PANDAS ESPA\u00d1OL - ACADEMIA OVERGENIUS","isPartOf":{"@id":"https:\/\/academia02.overgenius.com\/en\/#website"},"primaryImageOfPage":{"@id":"https:\/\/academia02.overgenius.com\/producto\/markethink-pandas-espanol\/#primaryimage"},"image":{"@id":"https:\/\/academia02.overgenius.com\/producto\/markethink-pandas-espanol\/#primaryimage"},"thumbnailUrl":"https:\/\/academia02.overgenius.com\/wp-content\/uploads\/2024\/02\/PANDAS-ESPANOL.png","datePublished":"2023-09-21T01:41:20+00:00","dateModified":"2026-01-26T01:16:12+00:00","description":"Fundamentos del Marketing Estrat\u00e9gico para que analices qu\u00e9 es lo que deseas lograr y c\u00f3mo establecer metas para realizarlo. Amar\u00e1s descubrirte a ti mism@","breadcrumb":{"@id":"https:\/\/academia02.overgenius.com\/producto\/markethink-pandas-espanol\/#breadcrumb"},"inLanguage":"en-US","potentialAction":[{"@type":"ReadAction","target":["https:\/\/academia02.overgenius.com\/producto\/markethink-pandas-espanol\/"]}]},{"@type":"ImageObject","inLanguage":"en-US","@id":"https:\/\/academia02.overgenius.com\/producto\/markethink-pandas-espanol\/#primaryimage","url":"https:\/\/academia02.overgenius.com\/wp-content\/uploads\/2024\/02\/PANDAS-ESPANOL.png","contentUrl":"https:\/\/academia02.overgenius.com\/wp-content\/uploads\/2024\/02\/PANDAS-ESPANOL.png","width":800,"height":800},{"@type":"BreadcrumbList","@id":"https:\/\/academia02.overgenius.com\/producto\/markethink-pandas-espanol\/#breadcrumb","itemListElement":[{"@type":"ListItem","position":1,"name":"Portada","item":"https:\/\/academia02.overgenius.com\/"},{"@type":"ListItem","position":2,"name":"Tienda","item":"https:\/\/academia02.overgenius.com\/en\/tienda\/"},{"@type":"ListItem","position":3,"name":"MARKETHINK PANDAS ESPA\u00d1OL"}]},{"@type":"WebSite","@id":"https:\/\/academia02.overgenius.com\/en\/#website","url":"https:\/\/academia02.overgenius.com\/en\/","name":"OVERGENIUS","description":"Educaci\u00f3n a distancia","publisher":{"@id":"https:\/\/academia02.overgenius.com\/en\/#organization"},"potentialAction":[{"@type":"SearchAction","target":{"@type":"EntryPoint","urlTemplate":"https:\/\/academia02.overgenius.com\/en\/?s={search_term_string}"},"query-input":{"@type":"PropertyValueSpecification","valueRequired":true,"valueName":"search_term_string"}}],"inLanguage":"en-US"},{"@type":"Organization","@id":"https:\/\/academia02.overgenius.com\/en\/#organization","name":"OVERGENIUS","url":"https:\/\/academia02.overgenius.com\/en\/","logo":{"@type":"ImageObject","inLanguage":"en-US","@id":"https:\/\/academia02.overgenius.com\/en\/#\/schema\/logo\/image\/","url":"https:\/\/academia02.overgenius.com\/wp-content\/uploads\/2023\/10\/logotipo-overgeniusblanco7-03.png","contentUrl":"https:\/\/academia02.overgenius.com\/wp-content\/uploads\/2023\/10\/logotipo-overgeniusblanco7-03.png","width":2480,"height":876,"caption":"OVERGENIUS"},"image":{"@id":"https:\/\/academia02.overgenius.com\/en\/#\/schema\/logo\/image\/"}}]}},"_links":{"self":[{"href":"https:\/\/academia02.overgenius.com\/en\/wp-json\/wp\/v2\/product\/307","targetHints":{"allow":["GET"]}}],"collection":[{"href":"https:\/\/academia02.overgenius.com\/en\/wp-json\/wp\/v2\/product"}],"about":[{"href":"https:\/\/academia02.overgenius.com\/en\/wp-json\/wp\/v2\/types\/product"}],"replies":[{"embeddable":true,"href":"https:\/\/academia02.overgenius.com\/en\/wp-json\/wp\/v2\/comments?post=307"}],"wp:featuredmedia":[{"embeddable":true,"href":"https:\/\/academia02.overgenius.com\/en\/wp-json\/wp\/v2\/media\/9616"}],"wp:attachment":[{"href":"https:\/\/academia02.overgenius.com\/en\/wp-json\/wp\/v2\/media?parent=307"}],"wp:term":[{"taxonomy":"product_brand","embeddable":true,"href":"https:\/\/academia02.overgenius.com\/en\/wp-json\/wp\/v2\/product_brand?post=307"},{"taxonomy":"product_cat","embeddable":true,"href":"https:\/\/academia02.overgenius.com\/en\/wp-json\/wp\/v2\/product_cat?post=307"},{"taxonomy":"product_tag","embeddable":true,"href":"https:\/\/academia02.overgenius.com\/en\/wp-json\/wp\/v2\/product_tag?post=307"}],"curies":[{"name":"wp","href":"https:\/\/api.w.org\/{rel}","templated":true}]}}