{"id":10980,"date":"2025-05-23T00:37:11","date_gmt":"2025-05-23T00:37:11","guid":{"rendered":"https:\/\/academia02.overgenius.com\/?post_type=product&#038;p=10980"},"modified":"2026-01-15T04:12:10","modified_gmt":"2026-01-15T04:12:10","slug":"tripack-markethink-especializado","status":"publish","type":"product","link":"https:\/\/academia02.overgenius.com\/en\/product\/tripack-markethink-especializado\/","title":{"rendered":"TRIPACK MARKETHINK &#8211; ESPECIALIZADO"},"content":{"rendered":"<p>3 m\u00f3dulos que te guiar\u00e1n para diversificar tus productos y servicios, rentabilizar recursos y buscar inversiones con estrategias comerciales, modelos de negocios, franquicias, etc.<\/p>","protected":false},"excerpt":{"rendered":"<p>3 m\u00f3dulos que te guiar\u00e1n para diversificar tus productos y servicios, rentabilizar recursos y buscar inversiones con estrategias comerciales, modelos de negocios, franquicias, etc.<\/p>\n<p>Tendr\u00e1s un aprendizaje completo llevando control de puntos e insignias ganadas, as\u00ed como hojas de trabajo en PDF descargables para aprender m\u00e1rketing digital de forma sencilla y pr\u00e1ctica.<\/p>","protected":false},"featured_media":10981,"comment_status":"open","ping_status":"closed","template":"","meta":{"pmpro_default_level":""},"product_brand":[],"product_cat":[95,106,108],"product_tag":[],"class_list":{"0":"post-10980","1":"product","2":"type-product","3":"status-publish","4":"has-post-thumbnail","6":"product_cat-educacion","7":"product_cat-emprendimiento","8":"product_cat-pack","9":"pmpro-has-access","11":"first","12":"instock","13":"shipping-taxable","14":"purchasable","15":"product-type-composite"},"yoast_head":"<!-- This site is optimized with the Yoast SEO plugin v26.8 - https:\/\/yoast.com\/product\/yoast-seo-wordpress\/ -->\n<title>TRIPACK MARKETHINK - ESPECIALIZADO - ACADEMIA OVERGENIUS<\/title>\n<meta name=\"description\" content=\"3 m\u00f3dulos juntos con el 25% de descuento. Aprende a optimizar recursos, diversificar productos y servicios, hacer tu modelo de negocio y buscar inversi\u00f3n.\" \/>\n<meta name=\"robots\" content=\"index, follow, max-snippet:-1, max-image-preview:large, max-video-preview:-1\" \/>\n<link rel=\"canonical\" href=\"https:\/\/academia02.overgenius.com\/en\/product\/tripack-markethink-especializado\/\" \/>\n<meta property=\"og:locale\" content=\"en_US\" \/>\n<meta property=\"og:type\" content=\"article\" \/>\n<meta property=\"og:title\" content=\"TRIPACK MARKETHINK - ESPECIALIZADO - ACADEMIA OVERGENIUS\" \/>\n<meta property=\"og:description\" content=\"3 m\u00f3dulos juntos con el 25% de descuento. Aprende a optimizar recursos, diversificar productos y servicios, hacer tu modelo de negocio y buscar inversi\u00f3n.\" \/>\n<meta property=\"og:url\" content=\"https:\/\/academia02.overgenius.com\/en\/product\/tripack-markethink-especializado\/\" \/>\n<meta property=\"og:site_name\" content=\"ACADEMIA OVERGENIUS\" \/>\n<meta property=\"article:modified_time\" content=\"2026-01-15T04:12:10+00:00\" \/>\n<meta property=\"og:image\" content=\"https:\/\/academia02.overgenius.com\/wp-content\/uploads\/2025\/05\/tripack-especializado-espanol.png\" \/>\n\t<meta property=\"og:image:width\" content=\"800\" \/>\n\t<meta property=\"og:image:height\" content=\"800\" \/>\n\t<meta property=\"og:image:type\" content=\"image\/png\" \/>\n<meta name=\"twitter:card\" content=\"summary_large_image\" \/>\n<meta name=\"twitter:label1\" content=\"Est. reading time\" \/>\n\t<meta name=\"twitter:data1\" content=\"1 minute\" \/>\n<script type=\"application\/ld+json\" class=\"yoast-schema-graph\">{\"@context\":\"https:\/\/schema.org\",\"@graph\":[{\"@type\":\"WebPage\",\"@id\":\"https:\/\/academia02.overgenius.com\/producto\/tripack-markethink-especializado\/\",\"url\":\"https:\/\/academia02.overgenius.com\/producto\/tripack-markethink-especializado\/\",\"name\":\"TRIPACK MARKETHINK - ESPECIALIZADO - ACADEMIA OVERGENIUS\",\"isPartOf\":{\"@id\":\"https:\/\/academia02.overgenius.com\/en\/#website\"},\"primaryImageOfPage\":{\"@id\":\"https:\/\/academia02.overgenius.com\/producto\/tripack-markethink-especializado\/#primaryimage\"},\"image\":{\"@id\":\"https:\/\/academia02.overgenius.com\/producto\/tripack-markethink-especializado\/#primaryimage\"},\"thumbnailUrl\":\"https:\/\/academia02.overgenius.com\/wp-content\/uploads\/2025\/05\/tripack-especializado-espanol.png\",\"datePublished\":\"2025-05-23T00:37:11+00:00\",\"dateModified\":\"2026-01-15T04:12:10+00:00\",\"description\":\"3 m\u00f3dulos juntos con el 25% de descuento. Aprende a optimizar recursos, diversificar productos y servicios, hacer tu modelo de negocio y buscar inversi\u00f3n.\",\"breadcrumb\":{\"@id\":\"https:\/\/academia02.overgenius.com\/producto\/tripack-markethink-especializado\/#breadcrumb\"},\"inLanguage\":\"en-US\",\"potentialAction\":[{\"@type\":\"ReadAction\",\"target\":[\"https:\/\/academia02.overgenius.com\/producto\/tripack-markethink-especializado\/\"]}]},{\"@type\":\"ImageObject\",\"inLanguage\":\"en-US\",\"@id\":\"https:\/\/academia02.overgenius.com\/producto\/tripack-markethink-especializado\/#primaryimage\",\"url\":\"https:\/\/academia02.overgenius.com\/wp-content\/uploads\/2025\/05\/tripack-especializado-espanol.png\",\"contentUrl\":\"https:\/\/academia02.overgenius.com\/wp-content\/uploads\/2025\/05\/tripack-especializado-espanol.png\",\"width\":800,\"height\":800},{\"@type\":\"BreadcrumbList\",\"@id\":\"https:\/\/academia02.overgenius.com\/producto\/tripack-markethink-especializado\/#breadcrumb\",\"itemListElement\":[{\"@type\":\"ListItem\",\"position\":1,\"name\":\"Portada\",\"item\":\"https:\/\/academia02.overgenius.com\/\"},{\"@type\":\"ListItem\",\"position\":2,\"name\":\"Tienda\",\"item\":\"https:\/\/academia02.overgenius.com\/en\/tienda\/\"},{\"@type\":\"ListItem\",\"position\":3,\"name\":\"TRIPACK MARKETHINK &#8211; ESPECIALIZADO\"}]},{\"@type\":\"WebSite\",\"@id\":\"https:\/\/academia02.overgenius.com\/en\/#website\",\"url\":\"https:\/\/academia02.overgenius.com\/en\/\",\"name\":\"OVERGENIUS\",\"description\":\"Educaci\u00f3n a distancia\",\"publisher\":{\"@id\":\"https:\/\/academia02.overgenius.com\/en\/#organization\"},\"potentialAction\":[{\"@type\":\"SearchAction\",\"target\":{\"@type\":\"EntryPoint\",\"urlTemplate\":\"https:\/\/academia02.overgenius.com\/en\/?s={search_term_string}\"},\"query-input\":{\"@type\":\"PropertyValueSpecification\",\"valueRequired\":true,\"valueName\":\"search_term_string\"}}],\"inLanguage\":\"en-US\"},{\"@type\":\"Organization\",\"@id\":\"https:\/\/academia02.overgenius.com\/en\/#organization\",\"name\":\"OVERGENIUS\",\"url\":\"https:\/\/academia02.overgenius.com\/en\/\",\"logo\":{\"@type\":\"ImageObject\",\"inLanguage\":\"en-US\",\"@id\":\"https:\/\/academia02.overgenius.com\/en\/#\/schema\/logo\/image\/\",\"url\":\"https:\/\/academia02.overgenius.com\/wp-content\/uploads\/2023\/10\/logotipo-overgeniusblanco7-03.png\",\"contentUrl\":\"https:\/\/academia02.overgenius.com\/wp-content\/uploads\/2023\/10\/logotipo-overgeniusblanco7-03.png\",\"width\":2480,\"height\":876,\"caption\":\"OVERGENIUS\"},\"image\":{\"@id\":\"https:\/\/academia02.overgenius.com\/en\/#\/schema\/logo\/image\/\"}}]}<\/script>\n<!-- \/ Yoast SEO plugin. -->","yoast_head_json":{"title":"TRIPACK MARKETHINK - ESPECIALIZADO - ACADEMIA OVERGENIUS","description":"3 m\u00f3dulos juntos con el 25% de descuento. Aprende a optimizar recursos, diversificar productos y servicios, hacer tu modelo de negocio y buscar inversi\u00f3n.","robots":{"index":"index","follow":"follow","max-snippet":"max-snippet:-1","max-image-preview":"max-image-preview:large","max-video-preview":"max-video-preview:-1"},"canonical":"https:\/\/academia02.overgenius.com\/en\/product\/tripack-markethink-especializado\/","og_locale":"en_US","og_type":"article","og_title":"TRIPACK MARKETHINK - ESPECIALIZADO - ACADEMIA OVERGENIUS","og_description":"3 m\u00f3dulos juntos con el 25% de descuento. Aprende a optimizar recursos, diversificar productos y servicios, hacer tu modelo de negocio y buscar inversi\u00f3n.","og_url":"https:\/\/academia02.overgenius.com\/en\/product\/tripack-markethink-especializado\/","og_site_name":"ACADEMIA OVERGENIUS","article_modified_time":"2026-01-15T04:12:10+00:00","og_image":[{"width":800,"height":800,"url":"https:\/\/academia02.overgenius.com\/wp-content\/uploads\/2025\/05\/tripack-especializado-espanol.png","type":"image\/png"}],"twitter_card":"summary_large_image","twitter_misc":{"Est. reading time":"1 minute"},"schema":{"@context":"https:\/\/schema.org","@graph":[{"@type":"WebPage","@id":"https:\/\/academia02.overgenius.com\/producto\/tripack-markethink-especializado\/","url":"https:\/\/academia02.overgenius.com\/producto\/tripack-markethink-especializado\/","name":"TRIPACK MARKETHINK - ESPECIALIZADO - ACADEMIA OVERGENIUS","isPartOf":{"@id":"https:\/\/academia02.overgenius.com\/en\/#website"},"primaryImageOfPage":{"@id":"https:\/\/academia02.overgenius.com\/producto\/tripack-markethink-especializado\/#primaryimage"},"image":{"@id":"https:\/\/academia02.overgenius.com\/producto\/tripack-markethink-especializado\/#primaryimage"},"thumbnailUrl":"https:\/\/academia02.overgenius.com\/wp-content\/uploads\/2025\/05\/tripack-especializado-espanol.png","datePublished":"2025-05-23T00:37:11+00:00","dateModified":"2026-01-15T04:12:10+00:00","description":"3 m\u00f3dulos juntos con el 25% de descuento. Aprende a optimizar recursos, diversificar productos y servicios, hacer tu modelo de negocio y buscar inversi\u00f3n.","breadcrumb":{"@id":"https:\/\/academia02.overgenius.com\/producto\/tripack-markethink-especializado\/#breadcrumb"},"inLanguage":"en-US","potentialAction":[{"@type":"ReadAction","target":["https:\/\/academia02.overgenius.com\/producto\/tripack-markethink-especializado\/"]}]},{"@type":"ImageObject","inLanguage":"en-US","@id":"https:\/\/academia02.overgenius.com\/producto\/tripack-markethink-especializado\/#primaryimage","url":"https:\/\/academia02.overgenius.com\/wp-content\/uploads\/2025\/05\/tripack-especializado-espanol.png","contentUrl":"https:\/\/academia02.overgenius.com\/wp-content\/uploads\/2025\/05\/tripack-especializado-espanol.png","width":800,"height":800},{"@type":"BreadcrumbList","@id":"https:\/\/academia02.overgenius.com\/producto\/tripack-markethink-especializado\/#breadcrumb","itemListElement":[{"@type":"ListItem","position":1,"name":"Portada","item":"https:\/\/academia02.overgenius.com\/"},{"@type":"ListItem","position":2,"name":"Tienda","item":"https:\/\/academia02.overgenius.com\/en\/tienda\/"},{"@type":"ListItem","position":3,"name":"TRIPACK MARKETHINK &#8211; ESPECIALIZADO"}]},{"@type":"WebSite","@id":"https:\/\/academia02.overgenius.com\/en\/#website","url":"https:\/\/academia02.overgenius.com\/en\/","name":"OVERGENIUS","description":"Educaci\u00f3n a distancia","publisher":{"@id":"https:\/\/academia02.overgenius.com\/en\/#organization"},"potentialAction":[{"@type":"SearchAction","target":{"@type":"EntryPoint","urlTemplate":"https:\/\/academia02.overgenius.com\/en\/?s={search_term_string}"},"query-input":{"@type":"PropertyValueSpecification","valueRequired":true,"valueName":"search_term_string"}}],"inLanguage":"en-US"},{"@type":"Organization","@id":"https:\/\/academia02.overgenius.com\/en\/#organization","name":"OVERGENIUS","url":"https:\/\/academia02.overgenius.com\/en\/","logo":{"@type":"ImageObject","inLanguage":"en-US","@id":"https:\/\/academia02.overgenius.com\/en\/#\/schema\/logo\/image\/","url":"https:\/\/academia02.overgenius.com\/wp-content\/uploads\/2023\/10\/logotipo-overgeniusblanco7-03.png","contentUrl":"https:\/\/academia02.overgenius.com\/wp-content\/uploads\/2023\/10\/logotipo-overgeniusblanco7-03.png","width":2480,"height":876,"caption":"OVERGENIUS"},"image":{"@id":"https:\/\/academia02.overgenius.com\/en\/#\/schema\/logo\/image\/"}}]}},"_links":{"self":[{"href":"https:\/\/academia02.overgenius.com\/en\/wp-json\/wp\/v2\/product\/10980","targetHints":{"allow":["GET"]}}],"collection":[{"href":"https:\/\/academia02.overgenius.com\/en\/wp-json\/wp\/v2\/product"}],"about":[{"href":"https:\/\/academia02.overgenius.com\/en\/wp-json\/wp\/v2\/types\/product"}],"replies":[{"embeddable":true,"href":"https:\/\/academia02.overgenius.com\/en\/wp-json\/wp\/v2\/comments?post=10980"}],"wp:featuredmedia":[{"embeddable":true,"href":"https:\/\/academia02.overgenius.com\/en\/wp-json\/wp\/v2\/media\/10981"}],"wp:attachment":[{"href":"https:\/\/academia02.overgenius.com\/en\/wp-json\/wp\/v2\/media?parent=10980"}],"wp:term":[{"taxonomy":"product_brand","embeddable":true,"href":"https:\/\/academia02.overgenius.com\/en\/wp-json\/wp\/v2\/product_brand?post=10980"},{"taxonomy":"product_cat","embeddable":true,"href":"https:\/\/academia02.overgenius.com\/en\/wp-json\/wp\/v2\/product_cat?post=10980"},{"taxonomy":"product_tag","embeddable":true,"href":"https:\/\/academia02.overgenius.com\/en\/wp-json\/wp\/v2\/product_tag?post=10980"}],"curies":[{"name":"wp","href":"https:\/\/api.w.org\/{rel}","templated":true}]}}