{"id":10803,"date":"2025-05-20T00:03:56","date_gmt":"2025-05-20T00:03:56","guid":{"rendered":"https:\/\/academia02.overgenius.com\/?post_type=product&#038;p=10803"},"modified":"2026-01-26T02:13:24","modified_gmt":"2026-01-26T02:13:24","slug":"complete-business-markethink-experience","status":"publish","type":"product","link":"https:\/\/academia02.overgenius.com\/en\/product\/complete-business-markethink-experience\/","title":{"rendered":"BME &#8211; LIDERAZGO"},"content":{"rendered":"<blockquote>\n<p data-start=\"135\" data-end=\"363\"><strong data-start=\"135\" data-end=\"169\">COMPLETE BUSINESS MARKETHINK EXPERIENCE<\/strong>\u00a0es un programa especializado de <strong>OVERGENIUS<\/strong> dise\u00f1ado para emprendedores, profesionales y equipos corporativos de 30-50 participantes, que buscan dominar estrategias de marketing digital de manera pr\u00e1ctica y efectiva.<strong> Ideal para fundaciones, ONGs o empresas con impacto social.<\/strong><\/p>\n<\/blockquote>\n<p data-start=\"365\" data-end=\"491\">Nuestro enfoque combina formaci\u00f3n interactiva, talleres personalizados y mentor\u00edas estrat\u00e9gicas que permiten a las empresas:<\/p>\n<ul data-start=\"493\" data-end=\"987\">\n<li data-start=\"493\" data-end=\"625\">\n<p data-start=\"495\" data-end=\"625\"><strong data-start=\"495\" data-end=\"529\">Desarrollar habilidades clave:<\/strong> Desde branding y gesti\u00f3n de redes sociales hasta estrategias avanzadas de publicidad digital.<\/p>\n<\/li>\n<li data-start=\"626\" data-end=\"749\">\n<p data-start=\"628\" data-end=\"749\"><strong data-start=\"628\" data-end=\"651\">Optimizar recursos:<\/strong> Aprender a maximizar el retorno de inversi\u00f3n en campa\u00f1as y mejorar el posicionamiento de marca.<\/p>\n<\/li>\n<li data-start=\"750\" data-end=\"889\">\n<p data-start=\"752\" data-end=\"889\"><strong data-start=\"752\" data-end=\"779\">Fomentar la innovaci\u00f3n:<\/strong> Impulsar la creatividad y la adaptabilidad dentro de los equipos para afrontar desaf\u00edos del mercado actual.<\/p>\n<\/li>\n<\/ul>\n<h3>\u00bfQu\u00e9 incluye?<\/h3>\n<ul data-spread=\"false\">\n<li>\u2705 <strong>6 m\u00f3dulos progresivos<\/strong> con contenido actualizado y pr\u00e1ctico.<\/li>\n<li>\u2705 <strong>Capacitaci\u00f3n y Ckeckpoints<\/strong> virtuales<\/li>\n<li>\u2705 <strong>Comunidad y Networking de Emprendedores Internacional<\/strong><\/li>\n<li>\u2705 <strong>Materiales exclusivos<\/strong> para potenciar tu aprendizaje.<\/li>\n<li>\u2705<strong> Certificado del programa<\/strong><\/li>\n<li><strong>\u2705 Plataforma E-learning<\/strong><\/li>\n<\/ul>\n<p><a>\u00a0<\/a><\/p>\n<p>&nbsp;<\/p>\n<p>&nbsp;<\/p>\n<p>&nbsp;<\/p>","protected":false},"excerpt":{"rendered":"<p><strong data-start=\"135\" data-end=\"169\">COMPLETE BUSINESS MARKETHINK EXPERIENCE<\/strong> es un programa de incubaci\u00f3n empresarial especializado de <strong>OVERGENIUS,<\/strong> dise\u00f1ado para emprendedores, profesionales y equipos corporativos de 30-50 participantes, que buscan dominar estrategias de marketing digital de manera pr\u00e1ctica y efectiva.<strong> Ideal para fundaciones, ONGs o empresas con impacto social.<\/strong><\/p>\n<h3>Incluye:<\/h3>\n<ul data-spread=\"false\">\n<li>\u2705 <strong>6 m\u00f3dulos prograsivos<\/strong> con contenido actualizado y pr\u00e1ctico.<\/li>\n<li>\u2705 <strong>Capacitaci\u00f3n y Ckeckpoints<\/strong> virtuales<\/li>\n<li>\u2705 <strong>Comunidad y Networking de Emprendedores Internacional<\/strong><\/li>\n<li>\u2705 <strong>Materiales exclusivos<\/strong> para potenciar tu aprendizaje.<\/li>\n<li>\u2705<strong> Certificado del programa<\/strong><\/li>\n<li><strong>\u2705 Plataforma E-learning<\/strong><\/li>\n<\/ul>","protected":false},"featured_media":10807,"comment_status":"open","ping_status":"closed","template":"","meta":{"pmpro_default_level":""},"product_brand":[],"product_cat":[106,118],"product_tag":[],"class_list":{"0":"post-10803","1":"product","2":"type-product","3":"status-publish","4":"has-post-thumbnail","6":"product_cat-emprendimiento","7":"product_cat-empresarial","8":"pmpro-has-access","10":"first","11":"instock","12":"virtual","13":"sold-individually","14":"purchasable","15":"product-type-composite"},"yoast_head":"<!-- This site is optimized with the Yoast SEO plugin v26.8 - https:\/\/yoast.com\/product\/yoast-seo-wordpress\/ -->\n<title>BME - LIDERAZGO - ACADEMIA OVERGENIUS<\/title>\n<meta name=\"description\" content=\"COMPLETE BUSINESS MARKETHINK EXPERIENCE es un program de incubaci\u00f3n empresarial, dise\u00f1ado para emprendedores, profesionales y equipos corporativos.\" \/>\n<meta name=\"robots\" content=\"index, follow, max-snippet:-1, max-image-preview:large, max-video-preview:-1\" \/>\n<link rel=\"canonical\" href=\"https:\/\/academia02.overgenius.com\/en\/product\/complete-business-markethink-experience\/\" \/>\n<meta property=\"og:locale\" content=\"en_US\" \/>\n<meta property=\"og:type\" content=\"article\" \/>\n<meta property=\"og:title\" content=\"BME - LIDERAZGO - ACADEMIA OVERGENIUS\" \/>\n<meta property=\"og:description\" content=\"COMPLETE BUSINESS MARKETHINK EXPERIENCE es un program de incubaci\u00f3n empresarial, dise\u00f1ado para emprendedores, profesionales y equipos corporativos.\" \/>\n<meta property=\"og:url\" content=\"https:\/\/academia02.overgenius.com\/en\/product\/complete-business-markethink-experience\/\" \/>\n<meta property=\"og:site_name\" content=\"ACADEMIA OVERGENIUS\" \/>\n<meta property=\"article:modified_time\" content=\"2026-01-26T02:13:24+00:00\" \/>\n<meta property=\"og:image\" content=\"https:\/\/academia02.overgenius.com\/wp-content\/uploads\/2025\/05\/LOGOTIPOS-MARKETHINK-1.jpg\" \/>\n\t<meta property=\"og:image:width\" content=\"1251\" \/>\n\t<meta property=\"og:image:height\" content=\"1251\" \/>\n\t<meta property=\"og:image:type\" content=\"image\/jpeg\" \/>\n<meta name=\"twitter:card\" content=\"summary_large_image\" \/>\n<meta name=\"twitter:label1\" content=\"Est. reading time\" \/>\n\t<meta name=\"twitter:data1\" content=\"1 minute\" \/>\n<script type=\"application\/ld+json\" class=\"yoast-schema-graph\">{\"@context\":\"https:\/\/schema.org\",\"@graph\":[{\"@type\":\"WebPage\",\"@id\":\"https:\/\/academia02.overgenius.com\/producto\/complete-business-markethink-experience\/\",\"url\":\"https:\/\/academia02.overgenius.com\/producto\/complete-business-markethink-experience\/\",\"name\":\"BME - LIDERAZGO - ACADEMIA OVERGENIUS\",\"isPartOf\":{\"@id\":\"https:\/\/academia02.overgenius.com\/en\/#website\"},\"primaryImageOfPage\":{\"@id\":\"https:\/\/academia02.overgenius.com\/producto\/complete-business-markethink-experience\/#primaryimage\"},\"image\":{\"@id\":\"https:\/\/academia02.overgenius.com\/producto\/complete-business-markethink-experience\/#primaryimage\"},\"thumbnailUrl\":\"https:\/\/academia02.overgenius.com\/wp-content\/uploads\/2025\/05\/iconos-business-experience-05.png\",\"datePublished\":\"2025-05-20T00:03:56+00:00\",\"dateModified\":\"2026-01-26T02:13:24+00:00\",\"description\":\"COMPLETE BUSINESS MARKETHINK EXPERIENCE es un program de incubaci\u00f3n empresarial, dise\u00f1ado para emprendedores, profesionales y equipos corporativos.\",\"breadcrumb\":{\"@id\":\"https:\/\/academia02.overgenius.com\/producto\/complete-business-markethink-experience\/#breadcrumb\"},\"inLanguage\":\"en-US\",\"potentialAction\":[{\"@type\":\"ReadAction\",\"target\":[\"https:\/\/academia02.overgenius.com\/producto\/complete-business-markethink-experience\/\"]}]},{\"@type\":\"ImageObject\",\"inLanguage\":\"en-US\",\"@id\":\"https:\/\/academia02.overgenius.com\/producto\/complete-business-markethink-experience\/#primaryimage\",\"url\":\"https:\/\/academia02.overgenius.com\/wp-content\/uploads\/2025\/05\/iconos-business-experience-05.png\",\"contentUrl\":\"https:\/\/academia02.overgenius.com\/wp-content\/uploads\/2025\/05\/iconos-business-experience-05.png\",\"width\":784,\"height\":784},{\"@type\":\"BreadcrumbList\",\"@id\":\"https:\/\/academia02.overgenius.com\/producto\/complete-business-markethink-experience\/#breadcrumb\",\"itemListElement\":[{\"@type\":\"ListItem\",\"position\":1,\"name\":\"Portada\",\"item\":\"https:\/\/academia02.overgenius.com\/\"},{\"@type\":\"ListItem\",\"position\":2,\"name\":\"Tienda\",\"item\":\"https:\/\/academia02.overgenius.com\/en\/tienda\/\"},{\"@type\":\"ListItem\",\"position\":3,\"name\":\"BME &#8211; LIDERAZGO\"}]},{\"@type\":\"WebSite\",\"@id\":\"https:\/\/academia02.overgenius.com\/en\/#website\",\"url\":\"https:\/\/academia02.overgenius.com\/en\/\",\"name\":\"OVERGENIUS\",\"description\":\"Educaci\u00f3n a distancia\",\"publisher\":{\"@id\":\"https:\/\/academia02.overgenius.com\/en\/#organization\"},\"potentialAction\":[{\"@type\":\"SearchAction\",\"target\":{\"@type\":\"EntryPoint\",\"urlTemplate\":\"https:\/\/academia02.overgenius.com\/en\/?s={search_term_string}\"},\"query-input\":{\"@type\":\"PropertyValueSpecification\",\"valueRequired\":true,\"valueName\":\"search_term_string\"}}],\"inLanguage\":\"en-US\"},{\"@type\":\"Organization\",\"@id\":\"https:\/\/academia02.overgenius.com\/en\/#organization\",\"name\":\"OVERGENIUS\",\"url\":\"https:\/\/academia02.overgenius.com\/en\/\",\"logo\":{\"@type\":\"ImageObject\",\"inLanguage\":\"en-US\",\"@id\":\"https:\/\/academia02.overgenius.com\/en\/#\/schema\/logo\/image\/\",\"url\":\"https:\/\/academia02.overgenius.com\/wp-content\/uploads\/2023\/10\/logotipo-overgeniusblanco7-03.png\",\"contentUrl\":\"https:\/\/academia02.overgenius.com\/wp-content\/uploads\/2023\/10\/logotipo-overgeniusblanco7-03.png\",\"width\":2480,\"height\":876,\"caption\":\"OVERGENIUS\"},\"image\":{\"@id\":\"https:\/\/academia02.overgenius.com\/en\/#\/schema\/logo\/image\/\"}}]}<\/script>\n<!-- \/ Yoast SEO plugin. -->","yoast_head_json":{"title":"BME - LIDERAZGO - ACADEMIA OVERGENIUS","description":"COMPLETE BUSINESS MARKETHINK EXPERIENCE es un program de incubaci\u00f3n empresarial, dise\u00f1ado para emprendedores, profesionales y equipos corporativos.","robots":{"index":"index","follow":"follow","max-snippet":"max-snippet:-1","max-image-preview":"max-image-preview:large","max-video-preview":"max-video-preview:-1"},"canonical":"https:\/\/academia02.overgenius.com\/en\/product\/complete-business-markethink-experience\/","og_locale":"en_US","og_type":"article","og_title":"BME - LIDERAZGO - ACADEMIA OVERGENIUS","og_description":"COMPLETE BUSINESS MARKETHINK EXPERIENCE es un program de incubaci\u00f3n empresarial, dise\u00f1ado para emprendedores, profesionales y equipos corporativos.","og_url":"https:\/\/academia02.overgenius.com\/en\/product\/complete-business-markethink-experience\/","og_site_name":"ACADEMIA OVERGENIUS","article_modified_time":"2026-01-26T02:13:24+00:00","og_image":[{"width":1251,"height":1251,"url":"https:\/\/academia02.overgenius.com\/wp-content\/uploads\/2025\/05\/LOGOTIPOS-MARKETHINK-1.jpg","type":"image\/jpeg"}],"twitter_card":"summary_large_image","twitter_misc":{"Est. reading time":"1 minute"},"schema":{"@context":"https:\/\/schema.org","@graph":[{"@type":"WebPage","@id":"https:\/\/academia02.overgenius.com\/producto\/complete-business-markethink-experience\/","url":"https:\/\/academia02.overgenius.com\/producto\/complete-business-markethink-experience\/","name":"BME - LIDERAZGO - ACADEMIA OVERGENIUS","isPartOf":{"@id":"https:\/\/academia02.overgenius.com\/en\/#website"},"primaryImageOfPage":{"@id":"https:\/\/academia02.overgenius.com\/producto\/complete-business-markethink-experience\/#primaryimage"},"image":{"@id":"https:\/\/academia02.overgenius.com\/producto\/complete-business-markethink-experience\/#primaryimage"},"thumbnailUrl":"https:\/\/academia02.overgenius.com\/wp-content\/uploads\/2025\/05\/iconos-business-experience-05.png","datePublished":"2025-05-20T00:03:56+00:00","dateModified":"2026-01-26T02:13:24+00:00","description":"COMPLETE BUSINESS MARKETHINK EXPERIENCE es un program de incubaci\u00f3n empresarial, dise\u00f1ado para emprendedores, profesionales y equipos corporativos.","breadcrumb":{"@id":"https:\/\/academia02.overgenius.com\/producto\/complete-business-markethink-experience\/#breadcrumb"},"inLanguage":"en-US","potentialAction":[{"@type":"ReadAction","target":["https:\/\/academia02.overgenius.com\/producto\/complete-business-markethink-experience\/"]}]},{"@type":"ImageObject","inLanguage":"en-US","@id":"https:\/\/academia02.overgenius.com\/producto\/complete-business-markethink-experience\/#primaryimage","url":"https:\/\/academia02.overgenius.com\/wp-content\/uploads\/2025\/05\/iconos-business-experience-05.png","contentUrl":"https:\/\/academia02.overgenius.com\/wp-content\/uploads\/2025\/05\/iconos-business-experience-05.png","width":784,"height":784},{"@type":"BreadcrumbList","@id":"https:\/\/academia02.overgenius.com\/producto\/complete-business-markethink-experience\/#breadcrumb","itemListElement":[{"@type":"ListItem","position":1,"name":"Portada","item":"https:\/\/academia02.overgenius.com\/"},{"@type":"ListItem","position":2,"name":"Tienda","item":"https:\/\/academia02.overgenius.com\/en\/tienda\/"},{"@type":"ListItem","position":3,"name":"BME &#8211; LIDERAZGO"}]},{"@type":"WebSite","@id":"https:\/\/academia02.overgenius.com\/en\/#website","url":"https:\/\/academia02.overgenius.com\/en\/","name":"OVERGENIUS","description":"Educaci\u00f3n a distancia","publisher":{"@id":"https:\/\/academia02.overgenius.com\/en\/#organization"},"potentialAction":[{"@type":"SearchAction","target":{"@type":"EntryPoint","urlTemplate":"https:\/\/academia02.overgenius.com\/en\/?s={search_term_string}"},"query-input":{"@type":"PropertyValueSpecification","valueRequired":true,"valueName":"search_term_string"}}],"inLanguage":"en-US"},{"@type":"Organization","@id":"https:\/\/academia02.overgenius.com\/en\/#organization","name":"OVERGENIUS","url":"https:\/\/academia02.overgenius.com\/en\/","logo":{"@type":"ImageObject","inLanguage":"en-US","@id":"https:\/\/academia02.overgenius.com\/en\/#\/schema\/logo\/image\/","url":"https:\/\/academia02.overgenius.com\/wp-content\/uploads\/2023\/10\/logotipo-overgeniusblanco7-03.png","contentUrl":"https:\/\/academia02.overgenius.com\/wp-content\/uploads\/2023\/10\/logotipo-overgeniusblanco7-03.png","width":2480,"height":876,"caption":"OVERGENIUS"},"image":{"@id":"https:\/\/academia02.overgenius.com\/en\/#\/schema\/logo\/image\/"}}]}},"_links":{"self":[{"href":"https:\/\/academia02.overgenius.com\/en\/wp-json\/wp\/v2\/product\/10803","targetHints":{"allow":["GET"]}}],"collection":[{"href":"https:\/\/academia02.overgenius.com\/en\/wp-json\/wp\/v2\/product"}],"about":[{"href":"https:\/\/academia02.overgenius.com\/en\/wp-json\/wp\/v2\/types\/product"}],"replies":[{"embeddable":true,"href":"https:\/\/academia02.overgenius.com\/en\/wp-json\/wp\/v2\/comments?post=10803"}],"wp:featuredmedia":[{"embeddable":true,"href":"https:\/\/academia02.overgenius.com\/en\/wp-json\/wp\/v2\/media\/10807"}],"wp:attachment":[{"href":"https:\/\/academia02.overgenius.com\/en\/wp-json\/wp\/v2\/media?parent=10803"}],"wp:term":[{"taxonomy":"product_brand","embeddable":true,"href":"https:\/\/academia02.overgenius.com\/en\/wp-json\/wp\/v2\/product_brand?post=10803"},{"taxonomy":"product_cat","embeddable":true,"href":"https:\/\/academia02.overgenius.com\/en\/wp-json\/wp\/v2\/product_cat?post=10803"},{"taxonomy":"product_tag","embeddable":true,"href":"https:\/\/academia02.overgenius.com\/en\/wp-json\/wp\/v2\/product_tag?post=10803"}],"curies":[{"name":"wp","href":"https:\/\/api.w.org\/{rel}","templated":true}]}}